{"id":1356,"date":"2022-07-09T23:22:00","date_gmt":"2022-07-09T21:22:00","guid":{"rendered":"https:\/\/urps-orthoptistes-grandest.fr\/?page_id=1356"},"modified":"2023-03-25T22:53:18","modified_gmt":"2023-03-25T21:53:18","slug":"maison-des-urps-grand-est","status":"publish","type":"page","link":"https:\/\/urps-orthoptistes-grandest.fr\/index.php\/maison-des-urps-grand-est\/","title":{"rendered":"Maison inter URPS"},"content":{"rendered":"\t\t<div data-elementor-type=\"wp-page\" data-elementor-id=\"1356\" class=\"elementor elementor-1356\">\n\t\t\t\t\t\t<section class=\"elementor-section elementor-top-section elementor-element elementor-element-14cdff5b elementor-section-boxed elementor-section-height-default elementor-section-height-default\" data-id=\"14cdff5b\" data-element_type=\"section\" data-e-type=\"section\">\n\t\t\t\t\t\t<div class=\"elementor-container elementor-column-gap-default\">\n\t\t\t\t\t<div class=\"elementor-column elementor-col-100 elementor-top-column elementor-element elementor-element-2e296fd1\" data-id=\"2e296fd1\" data-element_type=\"column\" data-e-type=\"column\">\n\t\t\t<div class=\"elementor-widget-wrap elementor-element-populated\">\n\t\t\t\t\t\t<div class=\"elementor-element elementor-element-9590f0e elementor-invisible elementor-widget elementor-widget-image\" data-id=\"9590f0e\" data-element_type=\"widget\" data-e-type=\"widget\" data-settings=\"{&quot;_animation&quot;:&quot;zoomIn&quot;}\" data-widget_type=\"image.default\">\n\t\t\t\t<div class=\"elementor-widget-container\">\n\t\t\t\t\t\t\t\t\t\t\t\t\t\t\t<img decoding=\"async\" width=\"150\" height=\"150\" src=\"https:\/\/urps-orthoptistes-grandest.fr\/wp-content\/uploads\/2022\/07\/Logo_MDURPSGEBlanc-150x150.png\" class=\"attachment-thumbnail size-thumbnail wp-image-1357\" alt=\"Logo Maison des URPS Grand Est.\" srcset=\"https:\/\/urps-orthoptistes-grandest.fr\/wp-content\/uploads\/2022\/07\/Logo_MDURPSGEBlanc-150x150.png 150w, https:\/\/urps-orthoptistes-grandest.fr\/wp-content\/uploads\/2022\/07\/Logo_MDURPSGEBlanc-300x300.png 300w, https:\/\/urps-orthoptistes-grandest.fr\/wp-content\/uploads\/2022\/07\/Logo_MDURPSGEBlanc-400x400.png 400w\" sizes=\"(max-width: 150px) 100vw, 150px\" \/>\t\t\t\t\t\t\t\t\t\t\t\t\t\t\t<\/div>\n\t\t\t\t<\/div>\n\t\t\t\t<div class=\"elementor-element elementor-element-6436ec8a elementor-widget elementor-widget-text-editor\" data-id=\"6436ec8a\" data-element_type=\"widget\" data-e-type=\"widget\" data-widget_type=\"text-editor.default\">\n\t\t\t\t<div class=\"elementor-widget-container\">\n\t\t\t\t\t\t\t\t\t<blockquote><p>\u00ab\u00a0Un pour tous, tous pour un !\u00a0\u00bb<\/p><\/blockquote><p>En 2020 les 10 URPS de la r\u00e9gion Grand Est ont d\u00e9cid\u00e9 de se regrouper dans une association commune, <strong>\u00ab\u00a0La maison des URPS Grand Est\u00a0\u00bb.<\/strong><\/p><p>Au del\u00e0 de l&rsquo;enrichissement mutuel qu&rsquo;apporte cette nouvelle organisation, elle permet gr\u00e2ce \u00e0 des r\u00e9unions r\u00e9guli\u00e8res de discuter et mettre en \u0153uvre des projets transversaux, notamment dans le domaine de la e-sant\u00e9.<\/p>\t\t\t\t\t\t\t\t<\/div>\n\t\t\t\t<\/div>\n\t\t\t\t\t<\/div>\n\t\t<\/div>\n\t\t\t\t\t<\/div>\n\t\t<\/section>\n\t\t\t\t<section class=\"elementor-section elementor-top-section elementor-element elementor-element-8e6002f elementor-section-boxed elementor-section-height-default elementor-section-height-default\" data-id=\"8e6002f\" data-element_type=\"section\" data-e-type=\"section\">\n\t\t\t\t\t\t<div class=\"elementor-container elementor-column-gap-default\">\n\t\t\t\t\t<div class=\"elementor-column elementor-col-100 elementor-top-column elementor-element elementor-element-fee0216\" data-id=\"fee0216\" data-element_type=\"column\" data-e-type=\"column\">\n\t\t\t<div class=\"elementor-widget-wrap elementor-element-populated\">\n\t\t\t\t\t\t<div class=\"elementor-element elementor-element-a2b4e1d elementor-widget elementor-widget-text-editor\" data-id=\"a2b4e1d\" data-element_type=\"widget\" data-e-type=\"widget\" data-widget_type=\"text-editor.default\">\n\t\t\t\t<div class=\"elementor-widget-container\">\n\t\t\t\t\t\t\t\t\t<p><strong>Un protocole d&rsquo;accord sign\u00e9 entre l&rsquo;ARS et les 10 URPS le 05 octobre 2022 !<br><\/strong><\/p>\t\t\t\t\t\t\t\t<\/div>\n\t\t\t\t<\/div>\n\t\t\t\t\t<\/div>\n\t\t<\/div>\n\t\t\t\t\t<\/div>\n\t\t<\/section>\n\t\t\t\t<section class=\"elementor-section elementor-top-section elementor-element elementor-element-9318bab elementor-section-boxed elementor-section-height-default elementor-section-height-default\" data-id=\"9318bab\" data-element_type=\"section\" data-e-type=\"section\">\n\t\t\t\t\t\t<div class=\"elementor-container elementor-column-gap-default\">\n\t\t\t\t\t<div class=\"elementor-column elementor-col-100 elementor-top-column elementor-element elementor-element-7ef1aca\" data-id=\"7ef1aca\" data-element_type=\"column\" data-e-type=\"column\">\n\t\t\t<div class=\"elementor-widget-wrap elementor-element-populated\">\n\t\t\t\t\t\t<div class=\"elementor-element elementor-element-6a489ce elementor-widget elementor-widget-text-editor\" data-id=\"6a489ce\" data-element_type=\"widget\" data-e-type=\"widget\" data-widget_type=\"text-editor.default\">\n\t\t\t\t<div class=\"elementor-widget-container\">\n\t\t\t\t\t\t\t\t\t<p>Avec cette signature, l&rsquo;ARS Grand Est entend donner une nouvelle impulsion \u00e0 sa politique de contractualisation en inscrivant celle-ci dans une dynamique interprofessionnelle au service de la pr\u00e9vention et de la r\u00e9duction des in\u00e9galit\u00e9s sociales, g\u00e9ographiques et financi\u00e8res en mati\u00e8re de sant\u00e9.<\/p><p><strong>Les actions que les URPS du Grand Est<\/strong> pr\u00e9voient de mener en commun dans les domaines de la <strong>e-sant\u00e9<\/strong>, de la<strong> pr\u00e9vention<\/strong>, des <strong>relations Ville\/H\u00f4pital\/Ville<\/strong> ou de l&rsquo;<strong>harmonisation de l&rsquo;exercice lib\u00e9ral<\/strong> devraient b\u00e9n\u00e9ficier l&rsquo;an prochain d&rsquo;un financement de l&rsquo;ARS Grand Est dans le cadre d&rsquo;un Contrat Pluriannuel d&rsquo;Objectifs et de Moyens inter-URPS.<\/p>\t\t\t\t\t\t\t\t<\/div>\n\t\t\t\t<\/div>\n\t\t\t\t\t<\/div>\n\t\t<\/div>\n\t\t\t\t\t<\/div>\n\t\t<\/section>\n\t\t\t\t<section class=\"elementor-section elementor-top-section elementor-element elementor-element-26ea717 elementor-section-boxed elementor-section-height-default elementor-section-height-default\" data-id=\"26ea717\" data-element_type=\"section\" data-e-type=\"section\">\n\t\t\t\t\t\t<div class=\"elementor-container elementor-column-gap-default\">\n\t\t\t\t\t<div class=\"elementor-column elementor-col-100 elementor-top-column elementor-element elementor-element-244ff0b\" data-id=\"244ff0b\" data-element_type=\"column\" data-e-type=\"column\">\n\t\t\t<div class=\"elementor-widget-wrap elementor-element-populated\">\n\t\t\t\t\t\t<div class=\"elementor-element elementor-element-99869e4 elementor-arrows-position-inside elementor-widget elementor-widget-image-carousel\" data-id=\"99869e4\" data-element_type=\"widget\" data-e-type=\"widget\" data-settings=\"{&quot;slides_to_show&quot;:&quot;1&quot;,&quot;navigation&quot;:&quot;arrows&quot;,&quot;autoplay&quot;:&quot;yes&quot;,&quot;pause_on_hover&quot;:&quot;yes&quot;,&quot;pause_on_interaction&quot;:&quot;yes&quot;,&quot;autoplay_speed&quot;:5000,&quot;infinite&quot;:&quot;yes&quot;,&quot;effect&quot;:&quot;slide&quot;,&quot;speed&quot;:500}\" data-widget_type=\"image-carousel.default\">\n\t\t\t\t<div class=\"elementor-widget-container\">\n\t\t\t\t\t\t\t<div class=\"elementor-image-carousel-wrapper swiper\" role=\"region\" aria-roledescription=\"carousel\" aria-label=\"Carrousel d\u2019images\" dir=\"ltr\">\n\t\t\t<div class=\"elementor-image-carousel swiper-wrapper swiper-image-stretch\" aria-live=\"off\">\n\t\t\t\t\t\t\t\t<div class=\"swiper-slide\" role=\"group\" aria-roledescription=\"slide\" aria-label=\"1 sur 2\"><figure class=\"swiper-slide-inner\"><img decoding=\"async\" class=\"swiper-slide-image\" src=\"https:\/\/urps-orthoptistes-grandest.fr\/wp-content\/uploads\/2022\/07\/Rencontre_juin2022-1024x480.jpg\" alt=\"Photo S\u00e9minaire inter URPS Grand Est juin 2022\" \/><figcaption class=\"elementor-image-carousel-caption\">S\u00e9minaire inter URPS  Grand Est juin 2022<\/figcaption><\/figure><\/div><div class=\"swiper-slide\" role=\"group\" aria-roledescription=\"slide\" aria-label=\"2 sur 2\"><figure class=\"swiper-slide-inner\"><img decoding=\"async\" class=\"swiper-slide-image\" src=\"https:\/\/urps-orthoptistes-grandest.fr\/wp-content\/uploads\/2022\/05\/rencontre-inter-urps.png\" alt=\"Rencontre-inter-urps-GrandEst-2021\" \/><figcaption class=\"elementor-image-carousel-caption\">Salon HeathCare 2021<\/figcaption><\/figure><\/div>\t\t\t<\/div>\n\t\t\t\t\t\t\t\t\t\t\t\t<div class=\"elementor-swiper-button elementor-swiper-button-prev\" role=\"button\" tabindex=\"0\">\n\t\t\t\t\t\t<i aria-hidden=\"true\" class=\"eicon-chevron-left\"><\/i>\t\t\t\t\t<\/div>\n\t\t\t\t\t<div class=\"elementor-swiper-button elementor-swiper-button-next\" role=\"button\" tabindex=\"0\">\n\t\t\t\t\t\t<i aria-hidden=\"true\" class=\"eicon-chevron-right\"><\/i>\t\t\t\t\t<\/div>\n\t\t\t\t\n\t\t\t\t\t\t\t\t\t<\/div>\n\t\t\t\t\t\t<\/div>\n\t\t\t\t<\/div>\n\t\t\t\t\t<\/div>\n\t\t<\/div>\n\t\t\t\t\t<\/div>\n\t\t<\/section>\n\t\t\t\t<\/div>\n\t\t","protected":false},"excerpt":{"rendered":"<p>\u00ab\u00a0Un pour tous, tous pour un !\u00a0\u00bb En 2020 les 10 URPS de la r\u00e9gion Grand Est ont d\u00e9cid\u00e9 de se regrouper dans une association commune, \u00ab\u00a0La maison des URPS Grand Est\u00a0\u00bb. Au del\u00e0 de l&rsquo;enrichissement mutuel qu&rsquo;apporte cette nouvelle organisation, elle permet gr\u00e2ce \u00e0 des r\u00e9unions r\u00e9guli\u00e8res de discuter et mettre en \u0153uvre des [&hellip;]<\/p>\n","protected":false},"author":1,"featured_media":0,"parent":0,"menu_order":0,"comment_status":"closed","ping_status":"closed","template":"","meta":{"_seopress_robots_primary_cat":"","_seopress_titles_title":"","_seopress_titles_desc":"Cr\u00e9ation et action de la maison des URPS de la r\u00e9gion Grand Est","_seopress_robots_index":"","footnotes":""},"class_list":["post-1356","page","type-page","status-publish","hentry"],"_links":{"self":[{"href":"https:\/\/urps-orthoptistes-grandest.fr\/index.php\/wp-json\/wp\/v2\/pages\/1356","targetHints":{"allow":["GET"]}}],"collection":[{"href":"https:\/\/urps-orthoptistes-grandest.fr\/index.php\/wp-json\/wp\/v2\/pages"}],"about":[{"href":"https:\/\/urps-orthoptistes-grandest.fr\/index.php\/wp-json\/wp\/v2\/types\/page"}],"author":[{"embeddable":true,"href":"https:\/\/urps-orthoptistes-grandest.fr\/index.php\/wp-json\/wp\/v2\/users\/1"}],"replies":[{"embeddable":true,"href":"https:\/\/urps-orthoptistes-grandest.fr\/index.php\/wp-json\/wp\/v2\/comments?post=1356"}],"version-history":[{"count":26,"href":"https:\/\/urps-orthoptistes-grandest.fr\/index.php\/wp-json\/wp\/v2\/pages\/1356\/revisions"}],"predecessor-version":[{"id":2098,"href":"https:\/\/urps-orthoptistes-grandest.fr\/index.php\/wp-json\/wp\/v2\/pages\/1356\/revisions\/2098"}],"wp:attachment":[{"href":"https:\/\/urps-orthoptistes-grandest.fr\/index.php\/wp-json\/wp\/v2\/media?parent=1356"}],"curies":[{"name":"wp","href":"https:\/\/api.w.org\/{rel}","templated":true}]}}