{"id":1679,"date":"2022-07-17T00:00:59","date_gmt":"2022-07-16T22:00:59","guid":{"rendered":"https:\/\/urps-orthoptistes-grandest.fr\/?page_id=1679"},"modified":"2022-07-17T12:50:30","modified_gmt":"2022-07-17T10:50:30","slug":"evenements-rencontres-urps-orthoptistes-grand-est","status":"publish","type":"page","link":"https:\/\/urps-orthoptistes-grandest.fr\/index.php\/evenements-rencontres-urps-orthoptistes-grand-est\/","title":{"rendered":"Evenements\/Rencontres"},"content":{"rendered":"\t\t<div data-elementor-type=\"wp-page\" data-elementor-id=\"1679\" class=\"elementor elementor-1679\">\n\t\t\t\t\t\t<section class=\"elementor-section elementor-top-section elementor-element elementor-element-7444f59 elementor-section-boxed elementor-section-height-default elementor-section-height-default\" data-id=\"7444f59\" data-element_type=\"section\" data-e-type=\"section\">\n\t\t\t\t\t\t<div class=\"elementor-container elementor-column-gap-default\">\n\t\t\t\t\t<div class=\"elementor-column elementor-col-100 elementor-top-column elementor-element elementor-element-e77e9a7\" data-id=\"e77e9a7\" data-element_type=\"column\" data-e-type=\"column\">\n\t\t\t<div class=\"elementor-widget-wrap elementor-element-populated\">\n\t\t\t\t\t\t<div class=\"elementor-element elementor-element-c25d8b3 elementor-widget elementor-widget-shortcode\" data-id=\"c25d8b3\" data-element_type=\"widget\" data-e-type=\"widget\" data-widget_type=\"shortcode.default\">\n\t\t\t\t<div class=\"elementor-widget-container\">\n\t\t\t\t\t\t\t<div class=\"elementor-shortcode\"><p>Deprecated shortcode. Use <code><div id=\"vsel\" class=\"vsel-shortcode vsel-shortcode-all-events\"><div id=\"event-2423\" class=\"vsel-content evenement_inter_urps_grand_est vsel-past\"><div class=\"vsel-meta vsel-alignleft\" style=\"width:30%;\"><h3 class=\"vsel-meta-title\">1er congr\u00e8s de la maison des URPS<\/h3><div class=\"vsel-meta-date vsel-meta-start-date\">Date de d\u00e9but\u00a0: <span>15 f\u00e9vrier 2024<\/span><\/div><div class=\"vsel-meta-date vsel-meta-end-date\">Date de fin\u00a0: <span>16 f\u00e9vrier 2024<\/span><\/div><div class=\"vsel-meta-location\">Lieu: <span>Nancy<\/span><\/div><div class=\"vsel-meta-link\"><a href=\"https:\/\/maison-urps-grandest.fr\/\" rel=\"noopener noreferrer\" rel=\"noopener noreferrer\" target=\"_blank\" title=\"https:\/\/maison-urps-grandest.fr\/\">Maison des URPS Grand Est<\/a><\/div><div class=\"vsel-meta-cats\">Rencontre inter-URPS<\/div><\/div><div class=\"vsel-info vsel-alignright\" style=\"width:66%;\"><figure class=\"vsel-image vsel-alignright\" style=\"max-width:40%;\"><img decoding=\"async\" width=\"150\" height=\"150\" src=\"https:\/\/urps-orthoptistes-grandest.fr\/wp-content\/uploads\/2023\/08\/BD_Congres_MDURPSGE-uai-258x364-1-150x150.png\" class=\"vsel-image-img wp-post-image\" alt=\"BD_Congres_MDURPSGE-uai-258&#215;364\" \/><\/figure><div class=\"vsel-text\"><div class=\"elementor-element-overlay\">\n<p>Apr\u00e8s quelques ajustements n\u00e9cessaires ayant entra\u00een\u00e9 un report de l\u2019\u00e9v\u00e9nement , la maison des URPS Grand Est, r\u00e9unissant les 10 professions de sant\u00e9 lib\u00e9rales de la r\u00e9gion, est heureuse de vous convier \u00e0 son premier congr\u00e8s les 15 et 16 f\u00e9vrier prochain.<\/p>\n<p>Diff\u00e9rents ateliers et formations DPC seront propos\u00e9s durant ces 2 jours,principalement tourn\u00e9s sur le bon usage des outils num\u00e9riques et la coordination des soins.<\/p>\n<p>Un autre atelier DPC visera \u00e9galement \u00e0 \u00a0d\u00e9velopper des strat\u00e9gies\u00a0 pour faire face \u00e0 l\u2019aggressivit\u00e9 des patients aussi bien en cabinet qu\u2019en soins \u00e0 domicile.<\/p>\n<p>En plus de la prise en charge DPC, une indemnit\u00e9\u00a0sera propos\u00e9 aux professionnels participants au congr\u00e8s,sous r\u00e9serve de l\u2019utilisation des outils num\u00e9riques mis \u00e0 disposition par la r\u00e9gion.<\/p>\n<p>-Plus de pr\u00e9cisions sur <a href=\"https:\/\/urps-orthoptistes-grandest.fr\/wp-content\/uploads\/2023\/12\/URPS_programme_15_16_fevrier_2023.pdf\">cette plaquette<\/a> ( susceptible d&rsquo;\u00eatre ajust\u00e9e) et sur le <a href=\"https:\/\/maison-urps-grandest.fr\/\">site web.<\/a><\/p>\n<\/div>\n<div class=\"elementor-widget-wrap elementor-element-populated ui-sortable\">\n<div class=\"elementor-element elementor-element-edit-mode elementor-element-38057721 elementor-element--toggle-edit-tools elementor-widget elementor-widget-text-editor ui-resizable\" data-id=\"38057721\" data-element_type=\"widget\" data-model-cid=\"c32\" data-widget_type=\"text-editor.default\">\n<div class=\"elementor-widget-container\">\n<div class=\"elementor-text-editor elementor-clearfix elementor-inline-editing\" data-elementor-setting-key=\"editor\" data-elementor-inline-editing-toolbar=\"advanced\">\n<p>-Ne tardez pas \u00e0 vous inscrire <a href=\"https:\/\/maison-urps-grandest.fr\/\">ici<\/a> !<\/p>\n<p>-Pour l\u2019h\u00e9bergement vous pouvez b\u00e9n\u00e9ficier de tarif pr\u00e9f\u00e9rentiel en passant par <a href=\"https:\/\/event.nancy-tourisme.fr\/event\/registration?eventid=207&amp;langue=FR\">cette plateforme<\/a><\/p>\n<\/div>\n<\/div>\n<\/div>\n<\/div>\n<\/div><\/div><\/div><div id=\"event-2465\" class=\"vsel-content vsel-past\"><div class=\"vsel-meta vsel-alignleft\" style=\"width:30%;\"><h3 class=\"vsel-meta-title\">Formation \u00ab\u00a0d\u00e9fense personnelle\u00a0\u00bb offerte par URPS Kin\u00e9sith\u00e9rapeute<\/h3><div class=\"vsel-meta-date vsel-meta-start-date\">Date de d\u00e9but\u00a0: <span>10 f\u00e9vrier 2024<\/span><\/div><div class=\"vsel-meta-date vsel-meta-end-date\">Date de fin\u00a0: <span>14 d\u00e9cembre 2024<\/span><\/div><\/div><div class=\"vsel-info vsel-alignright\" style=\"width:66%;\"><figure class=\"vsel-image vsel-alignright\" style=\"max-width:40%;\"><img decoding=\"async\" width=\"150\" height=\"150\" src=\"https:\/\/urps-orthoptistes-grandest.fr\/wp-content\/uploads\/2024\/02\/8tyh1p0m-150x150.png\" class=\"vsel-image-img wp-post-image\" alt=\"URPS_Kin\u00e9sith\u00e9rapeutes\" srcset=\"https:\/\/urps-orthoptistes-grandest.fr\/wp-content\/uploads\/2024\/02\/8tyh1p0m-150x150.png 150w, https:\/\/urps-orthoptistes-grandest.fr\/wp-content\/uploads\/2024\/02\/8tyh1p0m-400x400.png 400w\" sizes=\"(max-width: 150px) 100vw, 150px\" \/><\/figure><div class=\"vsel-text\"><div dir=\"auto\">L\u2019URPS des kin\u00e9sith\u00e9rapeutes vous invite g\u00e9n\u00e9reusement dans CHAQUE d\u00e9partement du Grand Est \u00e0 participer \u00e0 UNE JOURNEE ENTIERE de formation de d\u00e9fense personnelle ( intervenant : juriste et sp\u00e9cialiste des arts martiaux)<\/div>\n<div dir=\"auto\">20 participants par session seulement !<\/div>\n<div dir=\"auto\">Premi\u00e8re date \u00e0 Max\u00e9ville (54) le 10 f\u00e9vrier prochain !<\/div>\n<div dir=\"auto\">Plus de pr\u00e9cisions sur le site URPS des kin\u00e9sith\u00e9rapeutes :\u00a0<a href=\"https:\/\/urpsmk.fr\/formation-dp-2024\/\">Ca vous a plu\u2026alors on continue ! \u2013 URPS MK Grand-Est<\/a><\/div>\n<div dir=\"auto\">Les inscriptions par ici\u00a0 !\u00a0<a class=\"x1i10hfl xjbqb8w x1ejq31n xd10rxx x1sy0etr x17r0tee x972fbf xcfux6l x1qhh985 xm0m39n x9f619 x1ypdohk xt0psk2 xe8uvvx xdj266r x11i5rnm xat24cr x1mh8g0r xexx8yu x4uap5 x18d9i69 xkhd6sd x16tdsg8 x1hl2dhg xggy1nq x1a2a7pz xt0b8zv x1fey0fg\" tabindex=\"0\" role=\"link\" href=\"https:\/\/docs.google.com\/forms\/d\/e\/1FAIpQLScpww0OK_hr4FT4DVQ5zr_QoL6ltL_SSkWz_sB3P3pzduz8fw\/viewform?fbclid=IwAR0nggaO5ZqMnSD4fxEwuStORiX4CwpkEIru3CHHaFb31oBzlqgYL4QuY3Y\" target=\"_blank\" rel=\"nofollow noopener\">https:\/\/docs.google.com\/\u2026\/1FAIpQLScpww0OK\u2026\/viewform<\/a><\/div>\n<\/div><\/div><\/div><div id=\"event-1946\" class=\"vsel-content vsel-past\"><div class=\"vsel-meta vsel-alignleft\" style=\"width:30%;\"><h3 class=\"vsel-meta-title\">Parceo \u00e0 l&rsquo;honneur du Pulsy Tour 2023<\/h3><div class=\"vsel-meta-date vsel-meta-start-date\">Date de d\u00e9but\u00a0: <span>6 avril 2023<\/span><\/div><div class=\"vsel-meta-date vsel-meta-end-date\">Date de fin\u00a0: <span>16 mai 2023<\/span><\/div><div class=\"vsel-meta-link\"><a href=\"http:\/\/communication@pulsy.fr\" rel=\"noopener noreferrer\" rel=\"noreferrer\" target=\"_self\" title=\"http:\/\/communication@pulsy.fr\">Plus d\u2019infos<\/a><\/div><\/div><div class=\"vsel-info vsel-alignright\" style=\"width:66%;\"><figure class=\"vsel-image vsel-alignright\" style=\"max-width:40%;\"><img decoding=\"async\" width=\"150\" height=\"150\" src=\"https:\/\/urps-orthoptistes-grandest.fr\/wp-content\/uploads\/2023\/03\/Pulsy_tour-150x150.jpg\" class=\"vsel-image-img wp-post-image\" alt=\"Pulsy_tour\" \/><\/figure><div class=\"vsel-text\"><table class=\"bbcic\" border=\"0\" width=\"100%\" cellspacing=\"0\" cellpadding=\"0\">\n<tbody>\n<tr>\n<td class=\"bbcici\" dir=\"ltr\">\n<div class=\"bbci bbcitx bl-in-edit-mode-single\" data-gramm=\"false\">\n<div><strong>Pulsy<\/strong>, le Groupement r\u00e9gional d&rsquo;appui au d\u00e9veloppement de la e-sant\u00e9 de la r\u00e9gion Grand Est, vous invite au\u00a0<strong>Pulsy Tour 2023<\/strong>, d\u00e9clin\u00e9 en 3 rencontres de proximit\u00e9 d\u00e9di\u00e9es au service de coordination\u00a0<strong>Parceo<\/strong>.\u00a0Chaque rendez-vous sera l&rsquo;occasion d&rsquo;aborder les m\u00eames th\u00e9matiques, avec des focus par territoire.<\/div>\n<\/div>\n<\/td>\n<\/tr>\n<\/tbody>\n<\/table>\n<table class=\"bbcic\" border=\"0\" width=\"100%\" cellspacing=\"0\" cellpadding=\"0\">\n<tbody>\n<tr>\n<td class=\"bbcici\" dir=\"ltr\">\n<div class=\"bbci bbcitx\" data-gramm=\"false\">\n<div><\/div>\n<div><\/div>\n<div><strong>Pulsy Tour 2023&#8230; en 3 \u00e9tapes<\/strong>\n<\/div>\n<p><strong>\ud83d\udccd Strasbourg<\/strong><br \/>\n<strong>Jeudi 6 avril 2023\u00a0<\/strong>de 9h30 \u00e0 16h30<br \/>\nPalais de la Musique et des Congr\u00e8s<\/p>\n<p><strong>\ud83d\udccd Reims<\/strong><br \/>\n<strong>Jeudi 13 avril 2023<\/strong>\u00a0de 9h30 \u00e0 16h30<br \/>\nCentre des congr\u00e8s<\/p>\n<p><strong>\ud83d\udccd Nancy<\/strong><br \/>\n<strong>Mardi 16 mai 2023<\/strong>\u00a0de 9h30 \u00e0 16h30<br \/>\nCentre de congr\u00e8s Prouv\u00e9<\/div>\n<\/td>\n<\/tr>\n<\/tbody>\n<\/table>\n<p>Pour les inscriptions :<\/p>\n<p>Strasbourg : <a href=\"https:\/\/www.pulsy.fr\/portail\/evenements\/pulsy-tour-strasbourg-2023-132-233.html\">Pulsy Tour Strasbourg<\/a><\/p>\n<p>Reims : <a href=\"https:\/\/www.pulsy.fr\/portail\/evenements\/pulsy-tour-reims-2023-133-234.html\">Pulsy Tour Reims<\/a><\/p>\n<p>Nancy : <a href=\"https:\/\/www.pulsy.fr\/portail\/evenements\/pulsy-tour-nancy-2023-134-235.html\">Pulsy Tour Nancy<\/a><\/p>\n<\/div><\/div><\/div><div id=\"event-1942\" class=\"vsel-content vsel-past\"><div class=\"vsel-meta vsel-alignleft\" style=\"width:30%;\"><h3 class=\"vsel-meta-title\">Gestion de la violence et de l\u2019agressivit\u00e9 de vos patients-URPS Medecins Kin\u00e9sith\u00e9rapeute<\/h3><div class=\"vsel-meta-date vsel-meta-single-date\">Date\u00a0: <span>25 mars 2023<\/span><\/div><\/div><div class=\"vsel-info vsel-alignright\" style=\"width:66%;\"><figure class=\"vsel-image vsel-alignright\" style=\"max-width:40%;\"><img loading=\"lazy\" decoding=\"async\" width=\"150\" height=\"150\" src=\"https:\/\/urps-orthoptistes-grandest.fr\/wp-content\/uploads\/2023\/03\/logo_MK-150x150.png\" class=\"vsel-image-img wp-post-image\" alt=\"Logo_URPS_MK_Grand_Est\" \/><\/figure><div class=\"vsel-text\"><div class=\"x11i5rnm xat24cr x1mh8g0r x1vvkbs xdj266r x126k92a\">\n<div dir=\"auto\">Avis aux coll\u00e8gues qui r\u00e9sident dans le Meuse ! Nos coll\u00e8gues de l&rsquo;URPS MK du Grand Est vous propose une formation GRATUITE (pris en charge \u00e0 100 % par l&rsquo;URPS MK Grand Est) sur la gestion de la violence en cabinet. En effet, n&rsquo;arrivant \u00e0 remplir leur session \u00e0 Verdun, ils l&rsquo;ouvrent g\u00e9n\u00e9reusement \u00e0 d&rsquo;autres professionels de sant\u00e9. Plus de pr\u00e9cisions ci dessous !<\/div>\n<\/div>\n<div class=\"x11i5rnm xat24cr x1mh8g0r x1vvkbs xtlvy1s x126k92a\">\n<div dir=\"auto\">***<\/div>\n<\/div>\n<div class=\"x11i5rnm xat24cr x1mh8g0r x1vvkbs xtlvy1s x126k92a\">\n<div dir=\"auto\">FORMATION GRATUITE A VERDUN !<\/div>\n<\/div>\n<div class=\"x11i5rnm xat24cr x1mh8g0r x1vvkbs xtlvy1s x126k92a\">\n<div dir=\"auto\">Samedi 25 mars 2023<\/div>\n<div dir=\"auto\">H\u00f4tel Orchid\u00e9e &#8211; rue Robert Schumann \u00e0 Verdun<\/div>\n<div dir=\"auto\">Horaires : de 08h30 \u00e0 17h30<\/div>\n<div dir=\"auto\">Repas convivial offert<\/div>\n<div dir=\"auto\">Inscription (obligatoire) : <a class=\"x1i10hfl xjbqb8w x6umtig x1b1mbwd xaqea5y xav7gou x9f619 x1ypdohk xt0psk2 xe8uvvx xdj266r x11i5rnm xat24cr x1mh8g0r xexx8yu x4uap5 x18d9i69 xkhd6sd x16tdsg8 x1hl2dhg xggy1nq x1a2a7pz xt0b8zv x1fey0fg\" tabindex=\"0\" role=\"link\" href=\"https:\/\/docs.google.com\/forms\/d\/e\/1FAIpQLSdT-styePZcpuHplSwBZIqnnw3CWSl09Aiu6nOwvsXHA6Vvnw\/viewform?fbclid=IwAR3usY9YKNWyaX_4YqyGg2GpZ1hJUgr4J5zuxY8CLUNCs2umIXJ3ySR5JsY\" target=\"_blank\" rel=\"nofollow noopener\">https:\/\/docs.google.com\/&#8230;\/1FAIpQLSdT&#8230;\/viewform<\/a><\/div>\n<\/div>\n<div class=\"x11i5rnm xat24cr x1mh8g0r x1vvkbs xtlvy1s x126k92a\">\n<div dir=\"auto\">Th\u00e8me : Gestion de la violence et de l\u2019agressivit\u00e9 de vos patients \/ comment bien r\u00e9agir \u00e0 des situations de tension<\/div>\n<\/div>\n<div class=\"x11i5rnm xat24cr x1mh8g0r x1vvkbs xtlvy1s x126k92a\">\n<div dir=\"auto\">Cette formation vous permettra de mieux r\u00e9agir face \u00e0 un individu violent et\/ou agressif, autant sur le plan professionnel que personnel : au cabinet, au domicile, dans la rue\u2026<\/div>\n<\/div>\n<div class=\"x11i5rnm xat24cr x1mh8g0r x1vvkbs xtlvy1s x126k92a\">\n<div dir=\"auto\">Il est important de pouvoir connaitre les bonnes astuces, bons gestes, et comportement \u00e0 avoir face \u00e0 une telle situation.<\/div>\n<\/div>\n<div class=\"x11i5rnm xat24cr x1mh8g0r x1vvkbs xtlvy1s x126k92a\">\n<div dir=\"auto\">Venez assister \u00e0 cette formation \u00e0 Verdun : nous vous donnerons les bons conseils pour r\u00e9agir !<\/div>\n<\/div>\n<div class=\"x11i5rnm xat24cr x1mh8g0r x1vvkbs xtlvy1s x126k92a\">\n<div dir=\"auto\">N\u2019h\u00e9sitez pas \u00e0 venir accompagn\u00e9 de la personne de votre choix (en nous pr\u00e9cisant le nombre d\u2019accompagnant pour la bonne gestion des repas).<\/div>\n<\/div>\n<div class=\"x11i5rnm xat24cr x1mh8g0r x1vvkbs xtlvy1s x126k92a\">\n<div dir=\"auto\">Vous esp\u00e9rant nombreux !<\/div>\n<\/div>\n<div class=\"x11i5rnm xat24cr x1mh8g0r x1vvkbs xtlvy1s x126k92a\">\n<div dir=\"auto\">Bien cordialement,<\/div>\n<\/div>\n<div class=\"x11i5rnm xat24cr x1mh8g0r x1vvkbs xtlvy1s x126k92a\">\n<div dir=\"auto\">URPS MK du Grand Est<\/div>\n<\/div>\n<\/div><\/div><\/div><div id=\"event-1922\" class=\"vsel-content vsel-past\"><div class=\"vsel-meta vsel-alignleft\" style=\"width:30%;\"><h3 class=\"vsel-meta-title\">Journ\u00e9e organis\u00e9e par le R\u00e9seau d\u2019Accompagnement des FAmilles En Lorraine<\/h3><div class=\"vsel-meta-date vsel-meta-single-date\">Date\u00a0: <span>25 novembre 2022<\/span><\/div><div class=\"vsel-meta-location\">Lieu: <span>Nancy<\/span><\/div><div class=\"vsel-meta-link\"><a href=\"https:\/\/www.rafael-lorraine.fr\/\" rel=\"noopener noreferrer\" rel=\"noopener noreferrer\" target=\"_blank\" title=\"https:\/\/www.rafael-lorraine.fr\/\">Site de l&#039;association<\/a><\/div><\/div><div class=\"vsel-info vsel-alignright\" style=\"width:66%;\"><figure class=\"vsel-image vsel-alignright\" style=\"max-width:40%;\"><img loading=\"lazy\" decoding=\"async\" width=\"150\" height=\"150\" src=\"https:\/\/urps-orthoptistes-grandest.fr\/wp-content\/uploads\/2022\/09\/Photo_RAFAEL-e1662889604587-150x150.jpg\" class=\"vsel-image-img wp-post-image\" alt=\"Photo_RAFAEL\" srcset=\"https:\/\/urps-orthoptistes-grandest.fr\/wp-content\/uploads\/2022\/09\/Photo_RAFAEL-e1662889604587-150x150.jpg 150w, https:\/\/urps-orthoptistes-grandest.fr\/wp-content\/uploads\/2022\/09\/Photo_RAFAEL-e1662889604587-400x400.jpg 400w\" sizes=\"(max-width: 150px) 100vw, 150px\" \/><\/figure><div class=\"vsel-text\"><p style=\"font-weight: 400;\">La journ\u00e9e annuelle RAFAEL 2022 aura lieu le\u00a0<b><strong>25 novembre prochain (8h30-18h)<\/strong><\/b>\u00a0\u00e0 la maternit\u00e9 r\u00e9gionale de Nancy sur le th\u00e8me des\u00a0<b><strong>troubles des apprentissages<\/strong><\/b>.<\/p>\n<p style=\"font-weight: 400;\">Elle fera intervenir diff\u00e9rents professionnels et th\u00e9rapeutes (p\u00e9diatres, r\u00e9\u00e9ducateurs, orthophoniste, ergoth\u00e9rapeute, psychomotricien, orthoptiste, neuropsychologue).<\/p>\n<p style=\"font-weight: 400;\">Un programme plus d\u00e9taill\u00e9 devrait nous parvenir d&rsquo;ici quelques temps, nous rajouterons un lien en description<\/p>\n<\/div><\/div><\/div><div id=\"event-1704\" class=\"vsel-content vsel-past\"><div class=\"vsel-meta vsel-alignleft\" style=\"width:30%;\"><h3 class=\"vsel-meta-title\">SALON CITY HEATHCARE-RENCONTRE INTER URPS<\/h3><div class=\"vsel-meta-date vsel-meta-start-date\">Date de d\u00e9but\u00a0: <span>5 octobre 2022<\/span><\/div><div class=\"vsel-meta-date vsel-meta-end-date\">Date de fin\u00a0: <span>6 octobre 2022<\/span><\/div><div class=\"vsel-meta-location\">Lieu: <span>Nancy<\/span><\/div><div class=\"vsel-meta-link\"><a href=\"https:\/\/www.salon-cityhealthcare.com\/programme\" rel=\"noopener noreferrer\" rel=\"noreferrer\" target=\"_self\" title=\"https:\/\/www.salon-cityhealthcare.com\/programme\">Site internet City HeathCare<\/a><\/div><\/div><div class=\"vsel-info vsel-alignright\" style=\"width:66%;\"><figure class=\"vsel-image vsel-alignright\" style=\"max-width:40%;\"><img loading=\"lazy\" decoding=\"async\" width=\"150\" height=\"63\" src=\"https:\/\/urps-orthoptistes-grandest.fr\/wp-content\/uploads\/2022\/07\/Salon-HeathCare-e1662889195467-150x63.png\" class=\"vsel-image-img wp-post-image\" alt=\"Salon HeathCare\" \/><\/figure><div class=\"vsel-text\"><p>A l&rsquo;occasion du Salon City HeathCare 2022, qui portera sur<strong> l&rsquo;organisation<\/strong> et la <strong>coordination de la sant\u00e9 num\u00e9rique<\/strong> de notre territoire;<\/p>\n<p>les 10 URPS du Grand Est, repr\u00e9sentant 30 000 professionnels de sant\u00e9 lib\u00e9raux se rassembleront sur un stand commun \u00ab\u00a0La maison des URPS\u00a0\u00bb.<\/p>\n<\/div><\/div><\/div><div id=\"event-1925\" class=\"vsel-content vsel-past\"><div class=\"vsel-meta vsel-alignleft\" style=\"width:30%;\"><h3 class=\"vsel-meta-title\">Congr\u00e8s FOCAL<\/h3><div class=\"vsel-meta-date vsel-meta-single-date\">Date\u00a0: <span>23 septembre 2022<\/span><\/div><div class=\"vsel-meta-location\">Lieu: <span>Villiers les Nancy<\/span><\/div><div class=\"vsel-meta-link\"><a href=\"http:\/\/focal-asso.org\/\" rel=\"noopener noreferrer\" rel=\"noopener noreferrer\" target=\"_blank\" title=\"http:\/\/focal-asso.org\/\">Site de l&#039;association<\/a><\/div><\/div><div class=\"vsel-info vsel-alignright\" style=\"width:66%;\"><figure class=\"vsel-image vsel-alignright\" style=\"max-width:40%;\"><img loading=\"lazy\" decoding=\"async\" width=\"150\" height=\"92\" src=\"https:\/\/urps-orthoptistes-grandest.fr\/wp-content\/uploads\/2022\/09\/Image_focal-150x92.png\" class=\"vsel-image-img wp-post-image\" alt=\"Image_focal\" \/><\/figure><div class=\"vsel-text\"><p>Le 31e Congre\u0300s FOCAL aura lieu le vendredi 23 septembre 2022 au Domaine de l\u2019Asn\u00e9e (11 rue de Laxou \u00e0 Villers les Nancy).<\/p>\n<p>Celui-ci est ouvert aux orthoptistes, vous trouverez le d\u00e9tail et la fiche d&rsquo;inscription<a href=\"http:\/\/focal-asso.org\/wp-content\/uploads\/2022\/06\/focal2022.pdf\"> ici\u00a0<\/a><\/p>\n<\/div><\/div><\/div><div id=\"event-1752\" class=\"vsel-content vsel-past\"><div class=\"vsel-meta vsel-alignleft\" style=\"width:30%;\"><h3 class=\"vsel-meta-title\">Rencontre bureaux inter URPS Grand Est<\/h3><div class=\"vsel-meta-date vsel-meta-single-date\">Date\u00a0: <span>18 juin 2022<\/span><\/div><div class=\"vsel-meta-location\">Lieu: <span>Nancy<\/span><\/div><div class=\"vsel-meta-link\"><a href=\"https:\/\/urps-orthoptistes-grandest.fr\/index.php\/maison-des-urps-grand-est\/\" rel=\"noopener noreferrer\" rel=\"noreferrer\" target=\"_self\" title=\"https:\/\/urps-orthoptistes-grandest.fr\/index.php\/maison-des-urps-grand-est\/\">Plus d\u2019infos<\/a><\/div><\/div><div class=\"vsel-info vsel-alignright\" style=\"width:66%;\"><figure class=\"vsel-image vsel-alignright\" style=\"max-width:40%;\"><img loading=\"lazy\" decoding=\"async\" width=\"150\" height=\"150\" src=\"https:\/\/urps-orthoptistes-grandest.fr\/wp-content\/uploads\/2022\/07\/Logo_MDURPSGEbleu-150x150.png\" class=\"vsel-image-img wp-post-image\" alt=\"Logo_MDURPSGEbleu\" srcset=\"https:\/\/urps-orthoptistes-grandest.fr\/wp-content\/uploads\/2022\/07\/Logo_MDURPSGEbleu-150x150.png 150w, https:\/\/urps-orthoptistes-grandest.fr\/wp-content\/uploads\/2022\/07\/Logo_MDURPSGEbleu-300x300.png 300w, https:\/\/urps-orthoptistes-grandest.fr\/wp-content\/uploads\/2022\/07\/Logo_MDURPSGEbleu-400x400.png 400w\" sizes=\"(max-width: 150px) 100vw, 150px\" \/><\/figure><div class=\"vsel-text\"><p>Rencontre visant \u00e0 discuter de nos projets en commun \u00e0 venir<\/p>\n<\/div><\/div><\/div><div class=\"vsel-nav\"><\/div><\/div><\/code> instead.<\/p><\/div>\n\t\t\t\t\t\t<\/div>\n\t\t\t\t<\/div>\n\t\t\t\t\t<\/div>\n\t\t<\/div>\n\t\t\t\t\t<\/div>\n\t\t<\/section>\n\t\t\t\t<\/div>\n\t\t","protected":false},"excerpt":{"rendered":"","protected":false},"author":1,"featured_media":0,"parent":0,"menu_order":0,"comment_status":"closed","ping_status":"closed","template":"","meta":{"_seopress_robots_primary_cat":"","_seopress_titles_title":"","_seopress_titles_desc":"","_seopress_robots_index":"","footnotes":""},"class_list":["post-1679","page","type-page","status-publish","hentry"],"_links":{"self":[{"href":"https:\/\/urps-orthoptistes-grandest.fr\/index.php\/wp-json\/wp\/v2\/pages\/1679","targetHints":{"allow":["GET"]}}],"collection":[{"href":"https:\/\/urps-orthoptistes-grandest.fr\/index.php\/wp-json\/wp\/v2\/pages"}],"about":[{"href":"https:\/\/urps-orthoptistes-grandest.fr\/index.php\/wp-json\/wp\/v2\/types\/page"}],"author":[{"embeddable":true,"href":"https:\/\/urps-orthoptistes-grandest.fr\/index.php\/wp-json\/wp\/v2\/users\/1"}],"replies":[{"embeddable":true,"href":"https:\/\/urps-orthoptistes-grandest.fr\/index.php\/wp-json\/wp\/v2\/comments?post=1679"}],"version-history":[{"count":32,"href":"https:\/\/urps-orthoptistes-grandest.fr\/index.php\/wp-json\/wp\/v2\/pages\/1679\/revisions"}],"predecessor-version":[{"id":1759,"href":"https:\/\/urps-orthoptistes-grandest.fr\/index.php\/wp-json\/wp\/v2\/pages\/1679\/revisions\/1759"}],"wp:attachment":[{"href":"https:\/\/urps-orthoptistes-grandest.fr\/index.php\/wp-json\/wp\/v2\/media?parent=1679"}],"curies":[{"name":"wp","href":"https:\/\/api.w.org\/{rel}","templated":true}]}}