{"id":2125,"date":"2023-03-26T16:41:30","date_gmt":"2023-03-26T14:41:30","guid":{"rendered":"https:\/\/urps-orthoptistes-grandest.fr\/?page_id=2125"},"modified":"2023-03-27T00:07:22","modified_gmt":"2023-03-26T22:07:22","slug":"scroll_textes_reglementaires","status":"publish","type":"page","link":"https:\/\/urps-orthoptistes-grandest.fr\/index.php\/scroll_textes_reglementaires\/","title":{"rendered":"Scroll_textes_reglementaires"},"content":{"rendered":"\t\t<div data-elementor-type=\"wp-page\" data-elementor-id=\"2125\" class=\"elementor elementor-2125\">\n\t\t\t\t\t\t<section class=\"elementor-section elementor-top-section elementor-element elementor-element-51bda6d elementor-section-height-full elementor-section-boxed elementor-section-height-default elementor-section-items-middle\" data-id=\"51bda6d\" data-element_type=\"section\" data-e-type=\"section\" id=\"Section1\" data-settings=\"{&quot;background_background&quot;:&quot;classic&quot;}\">\n\t\t\t\t\t\t<div class=\"elementor-container elementor-column-gap-default\">\n\t\t\t\t\t<div class=\"elementor-column elementor-col-100 elementor-top-column elementor-element elementor-element-2b12435\" data-id=\"2b12435\" data-element_type=\"column\" data-e-type=\"column\">\n\t\t\t<div class=\"elementor-widget-wrap elementor-element-populated\">\n\t\t\t\t\t\t<div class=\"elementor-element elementor-element-bbe9ac3 elementor-widget elementor-widget-text-editor\" data-id=\"bbe9ac3\" data-element_type=\"widget\" data-e-type=\"widget\" data-widget_type=\"text-editor.default\">\n\t\t\t\t<div class=\"elementor-widget-container\">\n\t\t\t\t\t\t\t\t\t<blockquote><p>Les URPS : des intervenants de sant\u00e9 r\u00e9gionaux &#8230;<\/p><\/blockquote>\t\t\t\t\t\t\t\t<\/div>\n\t\t\t\t<\/div>\n\t\t\t\t<div class=\"elementor-element elementor-element-61ed171 elementor-invisible elementor-widget elementor-widget-toggle\" data-id=\"61ed171\" data-element_type=\"widget\" data-e-type=\"widget\" data-settings=\"{&quot;_animation&quot;:&quot;fadeInUp&quot;}\" data-widget_type=\"toggle.default\">\n\t\t\t\t<div class=\"elementor-widget-container\">\n\t\t\t\t\t\t\t<div class=\"elementor-toggle\">\n\t\t\t\t\t\t\t<div class=\"elementor-toggle-item\">\n\t\t\t\t\t<div id=\"elementor-tab-title-1021\" class=\"elementor-tab-title\" data-tab=\"1\" role=\"button\" aria-controls=\"elementor-tab-content-1021\" aria-expanded=\"false\">\n\t\t\t\t\t\t\t\t\t\t\t\t<span class=\"elementor-toggle-icon elementor-toggle-icon-left\" aria-hidden=\"true\">\n\t\t\t\t\t\t\t\t\t\t\t\t\t\t\t<span class=\"elementor-toggle-icon-closed\"><i class=\"fas fa-caret-right\"><\/i><\/span>\n\t\t\t\t\t\t\t\t<span class=\"elementor-toggle-icon-opened\"><i class=\"elementor-toggle-icon-opened fas fa-caret-up\"><\/i><\/span>\n\t\t\t\t\t\t\t\t\t\t\t\t\t<\/span>\n\t\t\t\t\t\t\t\t\t\t\t\t<a class=\"elementor-toggle-title\" tabindex=\"0\">Cr\u00e9es en 2009<\/a>\n\t\t\t\t\t<\/div>\n\n\t\t\t\t\t<div id=\"elementor-tab-content-1021\" class=\"elementor-tab-content elementor-clearfix\" data-tab=\"1\" role=\"region\" aria-labelledby=\"elementor-tab-title-1021\">Les Unions R\u00e9gionales de Professionnels de Sant\u00e9 (URPS) d\u00e9coulent de la <strong><a href=\"https:\/\/www.legifrance.gouv.fr\/loda\/id\/JORFTEXT000020879475\/\"title=\"si vous avez le courage de lire enti\u00e8rement le texte de loi :)\">Loi HPST (pour H\u00f4pitaux,Patients,Sant\u00e9 et Territoires)<\/a> <\/strong>promulgu\u00e9 le 21 juillet 2009<strong>\n<\/strong>\n\nComme l\u2019acronyme H.P.S.T le laisse deviner, cette loi est divis\u00e9 en 4 parties.\n\nUn des grands axes de cette r\u00e9forme visait notamment \u00e0 r\u00e9organiser \u00e0 l\u2019\u00e9chelle r\u00e9gionale les acteurs de sant\u00e9.\n\n\u21d2C\u2019est ainsi que sont cr\u00e9es notamment les agences r\u00e9gionales de sant\u00e9 (ARS) et les<strong> unions r\u00e9gionales de sant\u00e9 (URPS)<\/strong><\/div>\n\t\t\t\t<\/div>\n\t\t\t\t\t\t\t<div class=\"elementor-toggle-item\">\n\t\t\t\t\t<div id=\"elementor-tab-title-1022\" class=\"elementor-tab-title\" data-tab=\"2\" role=\"button\" aria-controls=\"elementor-tab-content-1022\" aria-expanded=\"false\">\n\t\t\t\t\t\t\t\t\t\t\t\t<span class=\"elementor-toggle-icon elementor-toggle-icon-left\" aria-hidden=\"true\">\n\t\t\t\t\t\t\t\t\t\t\t\t\t\t\t<span class=\"elementor-toggle-icon-closed\"><i class=\"fas fa-caret-right\"><\/i><\/span>\n\t\t\t\t\t\t\t\t<span class=\"elementor-toggle-icon-opened\"><i class=\"elementor-toggle-icon-opened fas fa-caret-up\"><\/i><\/span>\n\t\t\t\t\t\t\t\t\t\t\t\t\t<\/span>\n\t\t\t\t\t\t\t\t\t\t\t\t<a class=\"elementor-toggle-title\" tabindex=\"0\">Regroupant les diff\u00e9rentes professions lib\u00e9rales<\/a>\n\t\t\t\t\t<\/div>\n\n\t\t\t\t\t<div id=\"elementor-tab-content-1022\" class=\"elementor-tab-content elementor-clearfix\" data-tab=\"2\" role=\"region\" aria-labelledby=\"elementor-tab-title-1022\"><strong><a title=\"si vous voulez continuer votre lecture assidue des textes juridiques !\" href=\"https:\/\/www.legifrance.gouv.fr\/jorf\/id\/JORFTEXT000022293303\/\">Le D\u00e9cret n\u00b0 2010-585 du 2 juin 2010<\/a><\/strong> fixe les modalit\u00e9s de fonctionnement des unions r\u00e9gionales de professionnels de sant\u00e9.\n\nL\u2019article Art.R. 4031-1 du d\u00e9cret indique :\n\n<em>\u00ab\u00a0<strong>Dans chaque r\u00e9gion<\/strong> et dans la collectivit\u00e9 territoriale de Corse, <strong>les URPS rassemblent, pour chaque profession, les repr\u00e9sentants des professionnels de sant\u00e9 exer\u00e7ant \u00e0 titre lib\u00e9ral sous le r\u00e9gime des conventions nationales avec l\u2019Union nationale des caisses d\u2019assurance maladie\u00a0\u00bb<\/strong><\/em>\n\nAinsi\n<ul>\n \t<li>biologistes<\/li>\n \t<li>chirurgiens-dentistes<\/li>\n \t<li>infirmiers<\/li>\n \t<li>masseurs-kin\u00e9sith\u00e9rapeutes<\/li>\n \t<li>m\u00e9decins<\/li>\n \t<li>pharmaciens<\/li>\n \t<li>p\u00e9dicures podologues<\/li>\n \t<li>orthophonistes,<\/li>\n \t<li>sages-femmes<\/li>\n \t<li><strong>&#8230;et orthoptistes<\/strong> sont repr\u00e9sent\u00e9s au sein d\u2019une URPS sp\u00e9cifique \u00e0 leur profession.<\/li>\n<\/ul><\/div>\n\t\t\t\t<\/div>\n\t\t\t\t\t\t\t<div class=\"elementor-toggle-item\">\n\t\t\t\t\t<div id=\"elementor-tab-title-1023\" class=\"elementor-tab-title\" data-tab=\"3\" role=\"button\" aria-controls=\"elementor-tab-content-1023\" aria-expanded=\"false\">\n\t\t\t\t\t\t\t\t\t\t\t\t<span class=\"elementor-toggle-icon elementor-toggle-icon-left\" aria-hidden=\"true\">\n\t\t\t\t\t\t\t\t\t\t\t\t\t\t\t<span class=\"elementor-toggle-icon-closed\"><i class=\"fas fa-caret-right\"><\/i><\/span>\n\t\t\t\t\t\t\t\t<span class=\"elementor-toggle-icon-opened\"><i class=\"elementor-toggle-icon-opened fas fa-caret-up\"><\/i><\/span>\n\t\t\t\t\t\t\t\t\t\t\t\t\t<\/span>\n\t\t\t\t\t\t\t\t\t\t\t\t<a class=\"elementor-toggle-title\" tabindex=\"0\">Avec des missions sp\u00e9cifiques<\/a>\n\t\t\t\t\t<\/div>\n\n\t\t\t\t\t<div id=\"elementor-tab-content-1023\" class=\"elementor-tab-content elementor-clearfix\" data-tab=\"3\" role=\"region\" aria-labelledby=\"elementor-tab-title-1023\"><strong><a href=\"https:\/\/www.legifrance.gouv.fr\/jorf\/id\/JORFTEXT000022293303\/\"title =\"oui oui le m\u00eame lien que le paragraphe pr\u00e9c\u00e9dent !\">Le D\u00e9cret n\u00b0 2010-585 du 2 juin 2010<\/a><\/strong>\u00a0 pr\u00e9cise \u00e9galement les missions des URPS :\n\n<em>\u00ab\u00a0Les unions r\u00e9gionales contribuent \u00e0 l\u2019organisation de l\u2019offre de sant\u00e9<\/em>\n<em>r\u00e9gionale. Elles participent notamment :<\/em>\n<ul>\n \t<li><strong>\u00c0<\/strong> <em><strong>la pr\u00e9paration et \u00e0 la mise en \u0153uvre du projet r\u00e9gional de sant\u00e9<\/strong><\/em><\/li>\n \t<li><em><strong>\u00c0 l\u2019analyse des besoins de sant\u00e9 et de l\u2019offre de soins<\/strong>, en vue notamment de l\u2019\u00e9laboration du sch\u00e9ma r\u00e9gional d\u2019organisation des soins<\/em><\/li>\n \t<li><em><strong>\u00c0 l\u2019organisation de l\u2019exercice professionnel, <\/strong>notamment en ce qui concerne la permanence des soins, la continuit\u00e9 des soins et les nouveaux modes d\u2019exercice<\/em><\/li>\n \t<li><em><strong>\u00c0 des actions dans le domaine des soins<\/strong>, de la pr\u00e9vention, de la veille sanitaire, de la gestion des crises sanitaires, de la promotion de la sant\u00e9 et de l\u2019\u00e9ducation th\u00e9rapeutique<\/em><\/li>\n \t<li><em><strong>\u00c0 la mise en \u0153uvre des contrats pluriannuels d \u2019objectifs et de moyens (CPOM) avec les r\u00e9seaux de sant\u00e9<\/strong>, les centres de sant\u00e9, les maisons de sant\u00e9 et les p\u00f4les de sant\u00e9, ou des contrats ayant pour objet d\u2019am\u00e9liorer la qualit\u00e9 et la coordination des soins mentionn\u00e9s \u00e0 l\u2019article L. 4135-4<\/em><\/li>\n \t<li><em><strong>Au d\u00e9ploiement et \u00e0 l\u2019utilisation des syst\u00e8mes de communication et d\u2019information partag\u00e9s<\/strong><\/em><\/li>\n \t<li><em><strong>\u00c0 la mise en \u0153uvre du d\u00e9veloppement professionnel continu <\/strong>\u00bb<\/em><\/li>\n<\/ul><\/div>\n\t\t\t\t<\/div>\n\t\t\t\t\t\t\t\t<\/div>\n\t\t\t\t\t\t<\/div>\n\t\t\t\t<\/div>\n\t\t\t\t<div class=\"elementor-element elementor-element-f70787b elementor-invisible elementor-widget elementor-widget-image\" data-id=\"f70787b\" data-element_type=\"widget\" data-e-type=\"widget\" data-settings=\"{&quot;_animation&quot;:&quot;fadeInDown&quot;}\" data-widget_type=\"image.default\">\n\t\t\t\t<div class=\"elementor-widget-container\">\n\t\t\t\t\t\t\t\t\t\t\t\t\t\t\t<img fetchpriority=\"high\" decoding=\"async\" width=\"300\" height=\"300\" src=\"https:\/\/urps-orthoptistes-grandest.fr\/wp-content\/uploads\/2022\/05\/wordcloud3-300x300.jpg\" class=\"attachment-medium size-medium wp-image-941\" alt=\"Nuage_de_mots_URPS_Grand-Est.jpg\" srcset=\"https:\/\/urps-orthoptistes-grandest.fr\/wp-content\/uploads\/2022\/05\/wordcloud3-300x300.jpg 300w, https:\/\/urps-orthoptistes-grandest.fr\/wp-content\/uploads\/2022\/05\/wordcloud3.jpg 1024w, https:\/\/urps-orthoptistes-grandest.fr\/wp-content\/uploads\/2022\/05\/wordcloud3-150x150.jpg 150w, https:\/\/urps-orthoptistes-grandest.fr\/wp-content\/uploads\/2022\/05\/wordcloud3-768x768.jpg 768w, https:\/\/urps-orthoptistes-grandest.fr\/wp-content\/uploads\/2022\/05\/wordcloud3-128x128.jpg 128w, https:\/\/urps-orthoptistes-grandest.fr\/wp-content\/uploads\/2022\/05\/wordcloud3-32x32.jpg 32w\" sizes=\"(max-width: 300px) 100vw, 300px\" \/>\t\t\t\t\t\t\t\t\t\t\t\t\t\t\t<\/div>\n\t\t\t\t<\/div>\n\t\t\t\t\t<\/div>\n\t\t<\/div>\n\t\t\t\t\t<\/div>\n\t\t<\/section>\n\t\t\t\t<section class=\"elementor-section elementor-top-section elementor-element elementor-element-2910177 elementor-section-height-full elementor-section-boxed elementor-section-height-default elementor-section-items-middle\" data-id=\"2910177\" data-element_type=\"section\" data-e-type=\"section\" id=\"Section2\">\n\t\t\t\t\t\t<div class=\"elementor-container elementor-column-gap-default\">\n\t\t\t\t\t<div class=\"elementor-column elementor-col-100 elementor-top-column elementor-element elementor-element-f602dd1\" data-id=\"f602dd1\" data-element_type=\"column\" data-e-type=\"column\">\n\t\t\t<div class=\"elementor-widget-wrap elementor-element-populated\">\n\t\t\t\t\t\t<div class=\"elementor-element elementor-element-07df260 elementor-widget elementor-widget-text-editor\" data-id=\"07df260\" data-element_type=\"widget\" data-e-type=\"widget\" data-widget_type=\"text-editor.default\">\n\t\t\t\t<div class=\"elementor-widget-container\">\n\t\t\t\t\t\t\t\t\t<blockquote><p>Les Unions R\u00e9gionales des Professionnels de Sant\u00e9 (URPS) sont des associations type \u00ab\u00a0loi 1901\u00a0\u00bb.<\/p><p>Elles tirent leurs ressources financi\u00e8res pour mener leurs actions :<\/p><\/blockquote>\t\t\t\t\t\t\t\t<\/div>\n\t\t\t\t<\/div>\n\t\t\t\t<div class=\"elementor-element elementor-element-fdfabdd elementor-align-start elementor-list-item-link-full_width elementor-invisible elementor-widget elementor-widget-icon-list\" data-id=\"fdfabdd\" data-element_type=\"widget\" data-e-type=\"widget\" data-settings=\"{&quot;_animation&quot;:&quot;lightSpeedIn&quot;}\" data-widget_type=\"icon-list.default\">\n\t\t\t\t<div class=\"elementor-widget-container\">\n\t\t\t\t\t\t\t<ul class=\"elementor-icon-list-items\">\n\t\t\t\t\t\t\t<li class=\"elementor-icon-list-item\">\n\t\t\t\t\t\t\t\t\t\t\t<span class=\"elementor-icon-list-icon\">\n\t\t\t\t\t\t\t<i aria-hidden=\"true\" class=\"fas fa-coins\"><\/i>\t\t\t\t\t\t<\/span>\n\t\t\t\t\t\t\t\t\t\t<span class=\"elementor-icon-list-text\"><br><strong> Des cotisations \"CURPS\"   (pour Cotisation URPS) <\/strong>acquitt\u00e9e par les lib\u00e9raux et pr\u00e9lev\u00e9e par l\u2019organisme de l'URSSAF. <br>Elles repr\u00e9sentent 0.10 % du revenu pour les orthoptistes.<br><\/span>\n\t\t\t\t\t\t\t\t\t<\/li>\n\t\t\t\t\t\t\t\t<li class=\"elementor-icon-list-item\">\n\t\t\t\t\t\t\t\t\t\t\t<span class=\"elementor-icon-list-icon\">\n\t\t\t\t\t\t\t<i aria-hidden=\"true\" class=\"fas fa-coins\"><\/i>\t\t\t\t\t\t<\/span>\n\t\t\t\t\t\t\t\t\t\t<span class=\"elementor-icon-list-text\"><b><br>De subventions<\/b>  sollicit\u00e9es  aupr\u00e8s  de partenaires institutionnels (Agence R\u00e9gionale de Sant\u00e9, Assurance Maladie, Conseil R\u00e9gional...).<br><br><\/span>\n\t\t\t\t\t\t\t\t\t<\/li>\n\t\t\t\t\t\t\t\t<li class=\"elementor-icon-list-item\">\n\t\t\t\t\t\t\t\t\t\t\t<span class=\"elementor-icon-list-icon\">\n\t\t\t\t\t\t\t<i aria-hidden=\"true\" class=\"fas fa-coins\"><\/i>\t\t\t\t\t\t<\/span>\n\t\t\t\t\t\t\t\t\t\t<span class=\"elementor-icon-list-text\"><strong>En nouant des partenariats<\/strong> tout en veillant \u00e0 l\u2019absence de conflits d\u2019int\u00e9r\u00eats avec la\/les structures choisies<\/span>\n\t\t\t\t\t\t\t\t\t<\/li>\n\t\t\t\t\t\t<\/ul>\n\t\t\t\t\t\t<\/div>\n\t\t\t\t<\/div>\n\t\t\t\t<div class=\"elementor-element elementor-element-4e0eedc e-transform e-transform elementor-arrows-position-outside elementor-pagination-position-outside elementor-invisible elementor-widget elementor-widget-image-carousel\" data-id=\"4e0eedc\" data-element_type=\"widget\" data-e-type=\"widget\" data-settings=\"{&quot;slides_to_show&quot;:&quot;1&quot;,&quot;_animation&quot;:&quot;fadeInLeft&quot;,&quot;_transform_scale_effect&quot;:{&quot;unit&quot;:&quot;px&quot;,&quot;size&quot;:1,&quot;sizes&quot;:[]},&quot;navigation&quot;:&quot;both&quot;,&quot;autoplay&quot;:&quot;yes&quot;,&quot;pause_on_hover&quot;:&quot;yes&quot;,&quot;pause_on_interaction&quot;:&quot;yes&quot;,&quot;autoplay_speed&quot;:5000,&quot;infinite&quot;:&quot;yes&quot;,&quot;effect&quot;:&quot;slide&quot;,&quot;speed&quot;:500,&quot;_transform_translateX_effect&quot;:{&quot;unit&quot;:&quot;px&quot;,&quot;size&quot;:&quot;&quot;,&quot;sizes&quot;:[]},&quot;_transform_translateX_effect_tablet&quot;:{&quot;unit&quot;:&quot;px&quot;,&quot;size&quot;:&quot;&quot;,&quot;sizes&quot;:[]},&quot;_transform_translateX_effect_mobile&quot;:{&quot;unit&quot;:&quot;px&quot;,&quot;size&quot;:&quot;&quot;,&quot;sizes&quot;:[]},&quot;_transform_translateY_effect&quot;:{&quot;unit&quot;:&quot;px&quot;,&quot;size&quot;:&quot;&quot;,&quot;sizes&quot;:[]},&quot;_transform_translateY_effect_tablet&quot;:{&quot;unit&quot;:&quot;px&quot;,&quot;size&quot;:&quot;&quot;,&quot;sizes&quot;:[]},&quot;_transform_translateY_effect_mobile&quot;:{&quot;unit&quot;:&quot;px&quot;,&quot;size&quot;:&quot;&quot;,&quot;sizes&quot;:[]},&quot;_transform_scale_effect_tablet&quot;:{&quot;unit&quot;:&quot;px&quot;,&quot;size&quot;:&quot;&quot;,&quot;sizes&quot;:[]},&quot;_transform_scale_effect_mobile&quot;:{&quot;unit&quot;:&quot;px&quot;,&quot;size&quot;:&quot;&quot;,&quot;sizes&quot;:[]}}\" data-widget_type=\"image-carousel.default\">\n\t\t\t\t<div class=\"elementor-widget-container\">\n\t\t\t\t\t\t\t<div class=\"elementor-image-carousel-wrapper swiper\" role=\"region\" aria-roledescription=\"carousel\" aria-label=\"Carrousel d\u2019images\" dir=\"ltr\">\n\t\t\t<div class=\"elementor-image-carousel swiper-wrapper\" aria-live=\"off\">\n\t\t\t\t\t\t\t\t<div class=\"swiper-slide\" role=\"group\" aria-roledescription=\"slide\" aria-label=\"1 sur 2\"><figure class=\"swiper-slide-inner\"><img decoding=\"async\" class=\"swiper-slide-image\" src=\"https:\/\/urps-orthoptistes-grandest.fr\/wp-content\/uploads\/2022\/05\/rencontre-inter-urps-300x130.png\" alt=\"Rencontre-inter-urps-GrandEst-2021\" \/><figcaption class=\"elementor-image-carousel-caption\">Salon HeathCare 2021<\/figcaption><\/figure><\/div><div class=\"swiper-slide\" role=\"group\" aria-roledescription=\"slide\" aria-label=\"2 sur 2\"><figure class=\"swiper-slide-inner\"><img decoding=\"async\" class=\"swiper-slide-image\" src=\"https:\/\/urps-orthoptistes-grandest.fr\/wp-content\/uploads\/2022\/07\/Illustration_CURPS_URSSAF-300x154.png\" alt=\"Illustration_CURPS_URSSAF\" \/><figcaption class=\"elementor-image-carousel-caption\">La cotisation CURPS sur vos relev\u00e9s URSSAF <\/figcaption><\/figure><\/div>\t\t\t<\/div>\n\t\t\t\t\t\t\t\t\t\t\t\t<div class=\"elementor-swiper-button elementor-swiper-button-prev\" role=\"button\" tabindex=\"0\">\n\t\t\t\t\t\t<i aria-hidden=\"true\" class=\"eicon-chevron-left\"><\/i>\t\t\t\t\t<\/div>\n\t\t\t\t\t<div class=\"elementor-swiper-button elementor-swiper-button-next\" role=\"button\" tabindex=\"0\">\n\t\t\t\t\t\t<i aria-hidden=\"true\" class=\"eicon-chevron-right\"><\/i>\t\t\t\t\t<\/div>\n\t\t\t\t\n\t\t\t\t\t\t\t\t\t<div class=\"swiper-pagination\"><\/div>\n\t\t\t\t\t\t\t\t\t<\/div>\n\t\t\t\t\t\t<\/div>\n\t\t\t\t<\/div>\n\t\t\t\t\t<\/div>\n\t\t<\/div>\n\t\t\t\t\t<\/div>\n\t\t<\/section>\n\t\t\t\t<section class=\"elementor-section elementor-top-section elementor-element elementor-element-517fd29 elementor-section-height-full elementor-section-boxed elementor-section-height-default elementor-section-items-middle\" data-id=\"517fd29\" data-element_type=\"section\" data-e-type=\"section\" id=\"Section3\">\n\t\t\t\t\t\t<div class=\"elementor-container elementor-column-gap-default\">\n\t\t\t\t\t<div class=\"elementor-column elementor-col-100 elementor-top-column elementor-element elementor-element-a37c2d6\" data-id=\"a37c2d6\" data-element_type=\"column\" data-e-type=\"column\">\n\t\t\t<div class=\"elementor-widget-wrap elementor-element-populated\">\n\t\t\t\t\t\t<div class=\"elementor-element elementor-element-a90cfaa elementor-widget elementor-widget-text-editor\" data-id=\"a90cfaa\" data-element_type=\"widget\" data-e-type=\"widget\" data-widget_type=\"text-editor.default\">\n\t\t\t\t<div class=\"elementor-widget-container\">\n\t\t\t\t\t\t\t\t\t<blockquote><p>Comment les membres URPS sont-ils d\u00e9sign\u00e9s ? <\/p><\/blockquote>\t\t\t\t\t\t\t\t<\/div>\n\t\t\t\t<\/div>\n\t\t\t\t<div class=\"elementor-element elementor-element-591b9c8 elementor-view-default elementor-widget elementor-widget-icon\" data-id=\"591b9c8\" data-element_type=\"widget\" data-e-type=\"widget\" data-widget_type=\"icon.default\">\n\t\t\t\t<div class=\"elementor-widget-container\">\n\t\t\t\t\t\t\t<div class=\"elementor-icon-wrapper\">\n\t\t\t<div class=\"elementor-icon\">\n\t\t\t<i aria-hidden=\"true\" class=\"fas fa-users\"><\/i>\t\t\t<\/div>\n\t\t<\/div>\n\t\t\t\t\t\t<\/div>\n\t\t\t\t<\/div>\n\t\t\t\t<div class=\"elementor-element elementor-element-dac546e elementor-invisible elementor-widget elementor-widget-text-editor\" data-id=\"dac546e\" data-element_type=\"widget\" data-e-type=\"widget\" data-settings=\"{&quot;_animation&quot;:&quot;fadeInDown&quot;}\" data-widget_type=\"text-editor.default\">\n\t\t\t\t<div class=\"elementor-widget-container\">\n\t\t\t\t\t\t\t\t\t<p><strong><span style=\"color: #00ccff;\">\u00d7<\/span><\/strong><a href=\"https:\/\/www.legifrance.gouv.fr\/jorf\/id\/JORFTEXT000022293303\/\">L&rsquo;article R. 4031-4<\/a>\u00a0 indique que seules les professions ayant un effectif sup\u00e9rieur ou \u00e9gal \u00e0 20 000 individus \u00e9lisent leurs repr\u00e9sentants URPS.<\/p><p><span style=\"color: #000000;\"><strong>\u21d2<\/strong><\/span>Ce n&rsquo;est pas le cas des orthoptistes (environ 5000 professionels \u00e0 ce jour) : les membres des unions r\u00e9gionales sont alors directement d\u00e9sign\u00e9s\u00a0 par les organisations syndicales de la profession,reconnues repr\u00e9sentatives au niveau national en application de l&rsquo;article L. 162-33 du code de la s\u00e9curit\u00e9 sociale.<br \/>Seul le <a href=\"https:\/\/www.orthoptiste.pro\/\">SNAO<\/a> est reconnu comme tel pour les orthoptistes.<\/p><p><span style=\"color: #00ccff;\"><strong>\u00d7<\/strong><\/span><a href=\"https:\/\/www.legifrance.gouv.fr\/jorf\/id\/JORFTEXT000022293303\/\">L&rsquo;article R. 4031-6<\/a> pr\u00e9cise que le bureau doit comprendre \u00ab\u00a0<i><b>6<\/b> membres dans les r\u00e9gions o\u00f9 le nombre de ces professionnels de sant\u00e9 exer\u00e7ant \u00e0 titre lib\u00e9ral dans le cadre du r\u00e9gime conventionnel est compris entre 101 et 300&Prime; <\/i>: ce qui est le cas de la r\u00e9gion Grand Est.<\/p><p><span style=\"color: #00ccff;\"><strong>\u00d7<\/strong><\/span>Enfin, <a href=\"https:\/\/www.legifrance.gouv.fr\/jorf\/id\/JORFTEXT000022293303\/\">l&rsquo;article D. 4031-3<\/a> stipule que \u00ab\u00a0<em>la dur\u00e9e du mandat des membres des assembl\u00e9es des unions r\u00e9gionales des professionnels de sant\u00e9 est de <strong>5<\/strong> ans, \u00e0 compter de la premi\u00e8re r\u00e9union de l&rsquo;assembl\u00e9e. Il est renouvelable\u00a0\u00bb<\/em><\/p>\t\t\t\t\t\t\t\t<\/div>\n\t\t\t\t<\/div>\n\t\t\t\t\t<\/div>\n\t\t<\/div>\n\t\t\t\t\t<\/div>\n\t\t<\/section>\n\t\t\t\t<section class=\"elementor-section elementor-top-section elementor-element elementor-element-6b24c01 elementor-section-boxed elementor-section-height-default elementor-section-height-default\" data-id=\"6b24c01\" data-element_type=\"section\" data-e-type=\"section\">\n\t\t\t\t\t\t<div class=\"elementor-container elementor-column-gap-default\">\n\t\t\t\t\t<div class=\"elementor-column elementor-col-100 elementor-top-column elementor-element elementor-element-c579b1c\" data-id=\"c579b1c\" data-element_type=\"column\" data-e-type=\"column\">\n\t\t\t<div class=\"elementor-widget-wrap elementor-element-populated\">\n\t\t\t\t\t\t<div class=\"elementor-element elementor-element-72f1f2f premium-vscroll-nav-dots-yes elementor-widget elementor-widget-premium-vscroll\" data-id=\"72f1f2f\" data-element_type=\"widget\" data-e-type=\"widget\" data-widget_type=\"premium-vscroll.default\">\n\t\t\t\t<div class=\"elementor-widget-container\">\n\t\t\t\t\t\n\t\t<div class=\"premium-vscroll-wrap\" id=\"premium-vscroll-wrap-72f1f2f\" data-settings=\"{&quot;id&quot;:&quot;72f1f2f&quot;,&quot;speed&quot;:700,&quot;offset&quot;:0,&quot;tooltips&quot;:true,&quot;dotsText&quot;:[&quot;Section1&quot;,&quot; Section2&quot;,&quot; Section3&quot;],&quot;dotsPos&quot;:&quot;right&quot;,&quot;dotsVPos&quot;:&quot;middle&quot;,&quot;fullSection&quot;:true,&quot;fullTouch&quot;:false,&quot;fullCheckOverflow&quot;:true,&quot;addToHistory&quot;:true,&quot;animation&quot;:&quot;&quot;,&quot;duration&quot;:null}\">\n\t\t\t\t\t\t<div class=\"premium-vscroll-inner\" id=\"premium-vscroll-72f1f2f\">\n\t\t\t\t<div class=\"premium-vscroll-dots premium-vscroll-dots-hide right middle circ\">\n\t\t\t\t\t<ul class=\"premium-vscroll-dots-list\">\n\t\t\t\t\t\t\t\t\t\t\t\t\t<li data-index=\"0\" data-menuanchor=\"Section1\" class=\"premium-vscroll-dot-item\">\n\t\t\t\t\t\t\t\t<div class=\"premium-vscroll-nav-link\"><span><\/span><\/div>\n\t\t\t\t\t\t\t<\/li>\n\t\t\t\t\t\t\t\t\t\t\t\t\t<li data-index=\"1\" data-menuanchor=\"Section2\" class=\"premium-vscroll-dot-item\">\n\t\t\t\t\t\t\t\t<div class=\"premium-vscroll-nav-link\"><span><\/span><\/div>\n\t\t\t\t\t\t\t<\/li>\n\t\t\t\t\t\t\t\t\t\t\t\t\t<li data-index=\"2\" data-menuanchor=\"Section3\" class=\"premium-vscroll-dot-item\">\n\t\t\t\t\t\t\t\t<div class=\"premium-vscroll-nav-link\"><span><\/span><\/div>\n\t\t\t\t\t\t\t<\/li>\n\t\t\t\t\t\t\t\t\t\t\t<\/ul>\n\t\t\t\t<\/div>\n\t\t\t\t\t\t\t<\/div>\n\t\t<\/div>\n\n\t\t\t\t\t\t<\/div>\n\t\t\t\t<\/div>\n\t\t\t\t\t<\/div>\n\t\t<\/div>\n\t\t\t\t\t<\/div>\n\t\t<\/section>\n\t\t\t\t<\/div>\n\t\t","protected":false},"excerpt":{"rendered":"<p>Les URPS : des intervenants de sant\u00e9 r\u00e9gionaux &#8230; Cr\u00e9es en 2009 Les Unions R\u00e9gionales de Professionnels de Sant\u00e9 (URPS) d\u00e9coulent de la Loi HPST (pour H\u00f4pitaux,Patients,Sant\u00e9 et Territoires) promulgu\u00e9 le 21 juillet 2009 Comme l\u2019acronyme H.P.S.T le laisse deviner, cette loi est divis\u00e9 en 4 parties. Un des grands axes de cette r\u00e9forme visait [&hellip;]<\/p>\n","protected":false},"author":1,"featured_media":0,"parent":0,"menu_order":0,"comment_status":"closed","ping_status":"closed","template":"","meta":{"_seopress_robots_primary_cat":"","_seopress_titles_title":"","_seopress_titles_desc":"","_seopress_robots_index":"","footnotes":""},"class_list":["post-2125","page","type-page","status-publish","hentry"],"_links":{"self":[{"href":"https:\/\/urps-orthoptistes-grandest.fr\/index.php\/wp-json\/wp\/v2\/pages\/2125","targetHints":{"allow":["GET"]}}],"collection":[{"href":"https:\/\/urps-orthoptistes-grandest.fr\/index.php\/wp-json\/wp\/v2\/pages"}],"about":[{"href":"https:\/\/urps-orthoptistes-grandest.fr\/index.php\/wp-json\/wp\/v2\/types\/page"}],"author":[{"embeddable":true,"href":"https:\/\/urps-orthoptistes-grandest.fr\/index.php\/wp-json\/wp\/v2\/users\/1"}],"replies":[{"embeddable":true,"href":"https:\/\/urps-orthoptistes-grandest.fr\/index.php\/wp-json\/wp\/v2\/comments?post=2125"}],"version-history":[{"count":46,"href":"https:\/\/urps-orthoptistes-grandest.fr\/index.php\/wp-json\/wp\/v2\/pages\/2125\/revisions"}],"predecessor-version":[{"id":2347,"href":"https:\/\/urps-orthoptistes-grandest.fr\/index.php\/wp-json\/wp\/v2\/pages\/2125\/revisions\/2347"}],"wp:attachment":[{"href":"https:\/\/urps-orthoptistes-grandest.fr\/index.php\/wp-json\/wp\/v2\/media?parent=2125"}],"curies":[{"name":"wp","href":"https:\/\/api.w.org\/{rel}","templated":true}]}}