{"id":2175,"date":"2023-03-26T21:29:55","date_gmt":"2023-03-26T19:29:55","guid":{"rendered":"https:\/\/urps-orthoptistes-grandest.fr\/?page_id=2175"},"modified":"2023-03-27T12:23:49","modified_gmt":"2023-03-27T10:23:49","slug":"scroll-urps","status":"publish","type":"page","link":"https:\/\/urps-orthoptistes-grandest.fr\/index.php\/scroll-urps\/","title":{"rendered":"Scroll URPS"},"content":{"rendered":"\t\t<div data-elementor-type=\"wp-page\" data-elementor-id=\"2175\" class=\"elementor elementor-2175\">\n\t\t\t\t\t\t<section class=\"elementor-section elementor-top-section elementor-element elementor-element-480b321 elementor-section-height-full elementor-section-boxed elementor-section-height-default elementor-section-items-middle\" data-id=\"480b321\" data-element_type=\"section\" data-e-type=\"section\" id=\"Section4\">\n\t\t\t\t\t\t<div class=\"elementor-container elementor-column-gap-default\">\n\t\t\t\t\t<div class=\"elementor-column elementor-col-100 elementor-top-column elementor-element elementor-element-8c1232e\" data-id=\"8c1232e\" data-element_type=\"column\" data-e-type=\"column\">\n\t\t\t<div class=\"elementor-widget-wrap elementor-element-populated\">\n\t\t\t\t\t\t<div class=\"elementor-element elementor-element-9c7e308 elementor-widget elementor-widget-text-editor\" data-id=\"9c7e308\" data-element_type=\"widget\" data-e-type=\"widget\" data-widget_type=\"text-editor.default\">\n\t\t\t\t<div class=\"elementor-widget-container\">\n\t\t\t\t\t\t\t\t\t<blockquote><h1 style=\"text-align: center;\">L&rsquo;URPS orthoptistes Grand Est<\/h1><\/blockquote><p style=\"text-align: center;\"><strong>Cr<\/strong><b>\u00e9\u00e9 le 27 janvier 2016 suite \u00e0 l\u2019unification r\u00e9gionale, l\u2019URPS Orthoptistes Grand-Est est une <i>association loi 1901<\/i> dont le but est de contribuer \u00e0 l\u2019organisation et \u00e0 l\u2019\u00e9volution de l\u2019offre de sant\u00e9 au niveau r\u00e9gional, notamment \u00e0 la pr\u00e9paration du projet r\u00e9gional de sant\u00e9 et \u00e0 sa mise en \u0153uvre.<\/b><\/p><p style=\"text-align: center;\"><b>Elle permet une relation permanente entre l\u2019Agence R\u00e9gionale de Sant\u00e9 (ARS) et les professionnels de sant\u00e9 lib\u00e9raux regroup\u00e9s en 10 URPS (m\u00e9decins lib\u00e9raux, biologistes, pharmaciens, dentistes, sages-femmes, infirmiers, masseurs kin\u00e9sith\u00e9rapeutes, orthophonistes, orthoptistes et podologues).<\/b><\/p><p style=\"text-align: center;\"><b>C&rsquo;est aussi une association qui se veut ambassadrice des orthoptistes lib\u00e9raux de la r\u00e9gion<br \/><\/b><\/p>\t\t\t\t\t\t\t\t<\/div>\n\t\t\t\t<\/div>\n\t\t\t\t<div class=\"elementor-element elementor-element-f48ec85 elementor-widget elementor-widget-counter\" data-id=\"f48ec85\" data-element_type=\"widget\" data-e-type=\"widget\" data-widget_type=\"counter.default\">\n\t\t\t\t<div class=\"elementor-widget-container\">\n\t\t\t\t\t\t\t<div class=\"elementor-counter\">\n\t\t\t<div class=\"elementor-counter-title\">orthoptistes dans la r\u00e9gion selon le dernier d\u00e9compte CARPIMKO de la r\u00e9gion<\/div>\t\t\t<div class=\"elementor-counter-number-wrapper\">\n\t\t\t\t<span class=\"elementor-counter-number-prefix\"><\/span>\n\t\t\t\t<span class=\"elementor-counter-number\" data-duration=\"\" data-to-value=\"187\" data-from-value=\"187\">187<\/span>\n\t\t\t\t<span class=\"elementor-counter-number-suffix\"><\/span>\n\t\t\t<\/div>\n\t\t<\/div>\n\t\t\t\t\t\t<\/div>\n\t\t\t\t<\/div>\n\t\t\t\t<div class=\"elementor-element elementor-element-e52ea19 elementor-widget elementor-widget-counter\" data-id=\"e52ea19\" data-element_type=\"widget\" data-e-type=\"widget\" data-widget_type=\"counter.default\">\n\t\t\t\t<div class=\"elementor-widget-container\">\n\t\t\t\t\t\t\t<div class=\"elementor-counter\">\n\t\t\t<div class=\"elementor-counter-title\">repr\u00e9sentants URPS<\/div>\t\t\t<div class=\"elementor-counter-number-wrapper\">\n\t\t\t\t<span class=\"elementor-counter-number-prefix\"><\/span>\n\t\t\t\t<span class=\"elementor-counter-number\" data-duration=\"\" data-to-value=\"5\" data-from-value=\"5\">5<\/span>\n\t\t\t\t<span class=\"elementor-counter-number-suffix\"><\/span>\n\t\t\t<\/div>\n\t\t<\/div>\n\t\t\t\t\t\t<\/div>\n\t\t\t\t<\/div>\n\t\t\t\t\t<\/div>\n\t\t<\/div>\n\t\t\t\t\t<\/div>\n\t\t<\/section>\n\t\t\t\t<section class=\"elementor-section elementor-top-section elementor-element elementor-element-85c80ee elementor-section-boxed elementor-section-height-default elementor-section-height-default\" data-id=\"85c80ee\" data-element_type=\"section\" data-e-type=\"section\">\n\t\t\t\t\t\t<div class=\"elementor-container elementor-column-gap-default\">\n\t\t\t\t\t<div class=\"elementor-column elementor-col-100 elementor-top-column elementor-element elementor-element-8b55815\" data-id=\"8b55815\" data-element_type=\"column\" data-e-type=\"column\">\n\t\t\t<div class=\"elementor-widget-wrap\">\n\t\t\t\t\t\t\t<\/div>\n\t\t<\/div>\n\t\t\t\t\t<\/div>\n\t\t<\/section>\n\t\t\t\t<section class=\"elementor-section elementor-top-section elementor-element elementor-element-5ffbfa8 elementor-section-boxed elementor-section-height-default elementor-section-height-default\" data-id=\"5ffbfa8\" data-element_type=\"section\" data-e-type=\"section\" id=\"Section5\">\n\t\t\t\t\t\t<div class=\"elementor-container elementor-column-gap-default\">\n\t\t\t\t\t<div class=\"elementor-column elementor-col-100 elementor-top-column elementor-element elementor-element-4eb7a31\" data-id=\"4eb7a31\" data-element_type=\"column\" data-e-type=\"column\">\n\t\t\t<div class=\"elementor-widget-wrap elementor-element-populated\">\n\t\t\t\t\t\t<div class=\"elementor-element elementor-element-6e2888c elementor-widget__width-initial elementor-widget elementor-widget-shortcode\" data-id=\"6e2888c\" data-element_type=\"widget\" data-e-type=\"widget\" data-widget_type=\"shortcode.default\">\n\t\t\t\t<div class=\"elementor-widget-container\">\n\t\t\t\t\t\t\t<div class=\"elementor-shortcode\"><div class='rt-container-fluid rt-team-container rt-pos-r rt-team-container-1225' id='rt-team-container-3386335571'  data-layout='layout2' data-desktop-col='1'  data-tab-col='1'  data-mobile-col='1' data-sc-id='1225' data-popup-bg=''><div data-title='Loading ...' class='rt-row rt-content-loader layout2 ttp-even ttp-pre-loader'><div class=\"rt-col-md-12 rt-col-sm-12 rt-col-xs-12  even-grid-item rt-grid-item round-img\" data-id=\"2475\"><div class=\"single-team-area\"><div class=\"img-area rt-col-sm-2 rt-col-xs-4 \"><figure><a class=\"\" data-id=\"2475\" target=\"_self\" href=\"https:\/\/urps-orthoptistes-grandest.fr\/index.php\/notre-bureau\/celine-gerard\/\"><img fetchpriority=\"high\" decoding=\"async\" width=\"400\" height=\"400\" src=\"https:\/\/urps-orthoptistes-grandest.fr\/wp-content\/uploads\/2022\/07\/worker_girl-400x400.png\" class=\"img-responsive rt-team-img\" alt=\"Photo_trombinoscope\" \/><\/a><\/figure><\/div><div class=\"rttm-content-area rt-col-sm-10 rt-col-xs-8 \"><h3><span class=\"team-name\"><a class=\"\" data-id=\"2475\" target=\"_self\" title=\"C\u00e9line GERARD\" href=\"https:\/\/urps-orthoptistes-grandest.fr\/index.php\/notre-bureau\/celine-gerard\/\">C\u00e9line GERARD<\/a><\/span><\/h3><div class=\"tlp-position\"><a class=\"\" data-id=\"2475\" target=\"_self\" title=\"C\u00e9line GERARD\" href=\"https:\/\/urps-orthoptistes-grandest.fr\/index.php\/notre-bureau\/celine-gerard\/\">Secr\u00e9taire adjointe<\/a><\/div><div class=\"short-bio\"><p>Dipl\u00f4m\u00e9e de l'Universit\u00e9 d'Amiens (2024)<br \/>\nOrthoptiste lib\u00e9rale \u00e0 Hannoge St Remy (Ardennes)<\/p>\n<\/div><\/div><\/div><\/div><div class=\"rt-col-md-12 rt-col-sm-12 rt-col-xs-12  even-grid-item rt-grid-item round-img\" data-id=\"2471\"><div class=\"single-team-area\"><div class=\"img-area rt-col-sm-2 rt-col-xs-4 \"><figure><a class=\"\" data-id=\"2471\" target=\"_self\" href=\"https:\/\/urps-orthoptistes-grandest.fr\/index.php\/notre-bureau\/cleo-layer\/\"><img decoding=\"async\" width=\"400\" height=\"400\" src=\"https:\/\/urps-orthoptistes-grandest.fr\/wp-content\/uploads\/2024\/06\/Cleo_LAYER-400x400.jpeg\" class=\"img-responsive rt-team-img\" alt=\"Cl\u00e9o LAYER\" \/><\/a><\/figure><\/div><div class=\"rttm-content-area rt-col-sm-10 rt-col-xs-8 \"><h3><span class=\"team-name\"><a class=\"\" data-id=\"2471\" target=\"_self\" title=\"Cl\u00e9o LAYER\" href=\"https:\/\/urps-orthoptistes-grandest.fr\/index.php\/notre-bureau\/cleo-layer\/\">Cl\u00e9o LAYER<\/a><\/span><\/h3><div class=\"tlp-position\"><a class=\"\" data-id=\"2471\" target=\"_self\" title=\"Cl\u00e9o LAYER\" href=\"https:\/\/urps-orthoptistes-grandest.fr\/index.php\/notre-bureau\/cleo-layer\/\">Secr\u00e9taire<\/a><\/div><div class=\"short-bio\"><p>Dipl\u00f4m\u00e9 de l'Universit\u00e9 de Strasbourg en 2022<br \/>\nOrthoptiste lib\u00e9ral \u00e0 Cuvry (Moselle)<\/p>\n<\/div><\/div><\/div><\/div><div class=\"rt-col-md-12 rt-col-sm-12 rt-col-xs-12  even-grid-item rt-grid-item round-img\" data-id=\"1218\"><div class=\"single-team-area\"><div class=\"img-area rt-col-sm-2 rt-col-xs-4 \"><figure><a class=\"\" data-id=\"1218\" target=\"_self\" href=\"https:\/\/urps-orthoptistes-grandest.fr\/index.php\/notre-bureau\/barbapapa\/\"><img decoding=\"async\" width=\"400\" height=\"400\" src=\"https:\/\/urps-orthoptistes-grandest.fr\/wp-content\/uploads\/2022\/07\/TRITZ_Dorothee_tresoriere_URPS_Orthoptistes_GrandEs-400x400.jpg\" class=\"img-responsive rt-team-img\" alt=\"Doroth\u00e9e Tritz\" \/><\/a><\/figure><\/div><div class=\"rttm-content-area rt-col-sm-10 rt-col-xs-8 \"><h3><span class=\"team-name\"><a class=\"\" data-id=\"1218\" target=\"_self\" title=\"Doroth\u00e9e Tritz\" href=\"https:\/\/urps-orthoptistes-grandest.fr\/index.php\/notre-bureau\/barbapapa\/\">Doroth\u00e9e Tritz<\/a><\/span><\/h3><div class=\"tlp-position\"><a class=\"\" data-id=\"1218\" target=\"_self\" title=\"Doroth\u00e9e Tritz\" href=\"https:\/\/urps-orthoptistes-grandest.fr\/index.php\/notre-bureau\/barbapapa\/\">Tr\u00e9sori\u00e8re<\/a><\/div><div class=\"short-bio\"><p>Dipl\u00f4m\u00e9e de l\u2019Universit\u00e9 de Nancy en 1997<br \/>\nExerce en MSP dans les Vosges<br \/>\nExercice lib\u00e9ral avec 2 associ\u00e9es en Meurthe et Moselle<\/p>\n<\/div><\/div><\/div><\/div><div class=\"rt-col-md-12 rt-col-sm-12 rt-col-xs-12  even-grid-item rt-grid-item round-img\" data-id=\"1250\"><div class=\"single-team-area\"><div class=\"img-area rt-col-sm-2 rt-col-xs-4 \"><figure><a class=\"\" data-id=\"1250\" target=\"_self\" href=\"https:\/\/urps-orthoptistes-grandest.fr\/index.php\/notre-bureau\/marie-christine-cosse\/\"><img loading=\"lazy\" decoding=\"async\" width=\"400\" height=\"400\" src=\"https:\/\/urps-orthoptistes-grandest.fr\/wp-content\/uploads\/2022\/07\/MC_Cosse_Secretaire_URPS_Orthoptistes_Grand-Est-400x400.jpg\" class=\"img-responsive rt-team-img\" alt=\"MC_Cosse_Secretaire_URPS_Orthoptistes_Grand-Est\" \/><\/a><\/figure><\/div><div class=\"rttm-content-area rt-col-sm-10 rt-col-xs-8 \"><h3><span class=\"team-name\"><a class=\"\" data-id=\"1250\" target=\"_self\" title=\"Marie-Christine Cosse\" href=\"https:\/\/urps-orthoptistes-grandest.fr\/index.php\/notre-bureau\/marie-christine-cosse\/\">Marie-Christine Cosse<\/a><\/span><\/h3><div class=\"tlp-position\"><a class=\"\" data-id=\"1250\" target=\"_self\" title=\"Marie-Christine Cosse\" href=\"https:\/\/urps-orthoptistes-grandest.fr\/index.php\/notre-bureau\/marie-christine-cosse\/\">Pr\u00e9sidente<\/a><\/div><div class=\"short-bio\"><p>Dipl\u00f4m\u00e9e de l'Universit\u00e9 de Strasbourg en 2000<br \/>\nExerce \u00e0 Scherwiller (Alsace)<\/p>\n<\/div><\/div><\/div><\/div><div class=\"rt-col-md-12 rt-col-sm-12 rt-col-xs-12  even-grid-item rt-grid-item round-img\" data-id=\"1249\"><div class=\"single-team-area\"><div class=\"img-area rt-col-sm-2 rt-col-xs-4 \"><figure><a class=\"\" data-id=\"1249\" target=\"_self\" href=\"https:\/\/urps-orthoptistes-grandest.fr\/index.php\/notre-bureau\/marine-gerardin\/\"><img loading=\"lazy\" decoding=\"async\" width=\"400\" height=\"400\" src=\"https:\/\/urps-orthoptistes-grandest.fr\/wp-content\/uploads\/2022\/07\/Marine_GERARDIN__URPS_Orthoptistes_Grand-Est-400x400.jpg\" class=\"img-responsive rt-team-img\" alt=\"Marine_GERARDIN__URPS_Orthoptistes_Grand-Est\" \/><\/a><\/figure><\/div><div class=\"rttm-content-area rt-col-sm-10 rt-col-xs-8 \"><h3><span class=\"team-name\"><a class=\"\" data-id=\"1249\" target=\"_self\" title=\"Marine Gerardin\" href=\"https:\/\/urps-orthoptistes-grandest.fr\/index.php\/notre-bureau\/marine-gerardin\/\">Marine Gerardin<\/a><\/span><\/h3><div class=\"tlp-position\"><a class=\"\" data-id=\"1249\" target=\"_self\" title=\"Marine Gerardin\" href=\"https:\/\/urps-orthoptistes-grandest.fr\/index.php\/notre-bureau\/marine-gerardin\/\">Pr\u00e9sidente de la comission de contr\u00f4le<\/a><\/div><div class=\"short-bio\"><p>Dipl\u00f4m\u00e9e de l'Universit\u00e9 de Nancy en 2013<br \/>\nExerce dans la Meuse, \u00e0 Verdun et Dieue-sur-Meuse<\/p>\n<\/div><\/div><\/div><\/div><div class=\"rt-col-md-12 rt-col-sm-12 rt-col-xs-12  even-grid-item rt-grid-item round-img\" data-id=\"1254\"><div class=\"single-team-area\"><div class=\"img-area rt-col-sm-2 rt-col-xs-4 \"><figure><a class=\"\" data-id=\"1254\" target=\"_self\" href=\"https:\/\/urps-orthoptistes-grandest.fr\/index.php\/notre-bureau\/nathalie-badet\/\"><img loading=\"lazy\" decoding=\"async\" width=\"400\" height=\"400\" src=\"https:\/\/urps-orthoptistes-grandest.fr\/wp-content\/uploads\/2022\/07\/Nathalie_BADET_secretaire_adjointe__URPS_Orthoptistes_GrandEst-400x400.jpg\" class=\"img-responsive rt-team-img\" alt=\"Nathalie Badet\" \/><\/a><\/figure><\/div><div class=\"rttm-content-area rt-col-sm-10 rt-col-xs-8 \"><h3><span class=\"team-name\"><a class=\"\" data-id=\"1254\" target=\"_self\" title=\"Nathalie Badet\" href=\"https:\/\/urps-orthoptistes-grandest.fr\/index.php\/notre-bureau\/nathalie-badet\/\">Nathalie Badet<\/a><\/span><\/h3><div class=\"tlp-position\"><a class=\"\" data-id=\"1254\" target=\"_self\" title=\"Nathalie Badet\" href=\"https:\/\/urps-orthoptistes-grandest.fr\/index.php\/notre-bureau\/nathalie-badet\/\">Membre du bureau<\/a><\/div><div class=\"short-bio\"><p>Dipl\u00f4m\u00e9e de l'Universit\u00e9 de Nancy en 1987<br \/>\nExerce \u00e0 \u00c9pernay (Marne)<\/p>\n<\/div><\/div><\/div><\/div><div class=\"rt-loading-overlay\"><\/div><div class=\"rt-loading rt-ball-clip-rotate\"><div><\/div><\/div><\/div><\/div><\/div>\n\t\t\t\t\t\t<\/div>\n\t\t\t\t<\/div>\n\t\t\t\t\t<\/div>\n\t\t<\/div>\n\t\t\t\t\t<\/div>\n\t\t<\/section>\n\t\t\t\t<section class=\"elementor-section elementor-top-section elementor-element elementor-element-e728246 elementor-section-boxed elementor-section-height-default elementor-section-height-default\" data-id=\"e728246\" data-element_type=\"section\" data-e-type=\"section\" id=\"Section6\">\n\t\t\t\t\t\t<div class=\"elementor-container elementor-column-gap-default\">\n\t\t\t\t\t<div class=\"elementor-column elementor-col-100 elementor-top-column elementor-element elementor-element-d63f533\" data-id=\"d63f533\" data-element_type=\"column\" data-e-type=\"column\">\n\t\t\t<div class=\"elementor-widget-wrap elementor-element-populated\">\n\t\t\t\t\t\t<div class=\"elementor-element elementor-element-d58b750 elementor-button-info elementor-align-center elementor-widget elementor-widget-button\" data-id=\"d58b750\" data-element_type=\"widget\" data-e-type=\"widget\" data-widget_type=\"button.default\">\n\t\t\t\t<div class=\"elementor-widget-container\">\n\t\t\t\t\t\t\t\t\t<div class=\"elementor-button-wrapper\">\n\t\t\t\t\t<a class=\"elementor-button elementor-button-link elementor-size-lg\" href=\"https:\/\/urps-orthoptistes-grandest.fr\/index.php\/scroll_textes_reglementaires\/\">\n\t\t\t\t\t\t<span class=\"elementor-button-content-wrapper\">\n\t\t\t\t\t\t<span class=\"elementor-button-icon\">\n\t\t\t\t<i aria-hidden=\"true\" class=\"far fa-arrow-alt-circle-right\"><\/i>\t\t\t<\/span>\n\t\t\t\t\t\t\t\t\t<span class=\"elementor-button-text\">Retrouvez ici  les textes r\u00e9glementaires r\u00e9gissant toutes les URPS<\/span>\n\t\t\t\t\t<\/span>\n\t\t\t\t\t<\/a>\n\t\t\t\t<\/div>\n\t\t\t\t\t\t\t\t<\/div>\n\t\t\t\t<\/div>\n\t\t\t\t<div class=\"elementor-element elementor-element-5d3fca0 premium-vscroll-nav-dots-yes elementor-widget elementor-widget-premium-vscroll\" data-id=\"5d3fca0\" data-element_type=\"widget\" data-e-type=\"widget\" data-widget_type=\"premium-vscroll.default\">\n\t\t\t\t<div class=\"elementor-widget-container\">\n\t\t\t\t\t\n\t\t<div class=\"premium-vscroll-wrap\" id=\"premium-vscroll-wrap-5d3fca0\" data-settings=\"{&quot;id&quot;:&quot;5d3fca0&quot;,&quot;speed&quot;:700,&quot;offset&quot;:0,&quot;tooltips&quot;:true,&quot;dotsText&quot;:[&quot;Section4&quot;,&quot;Section5&quot;,&quot;Section6&quot;],&quot;dotsPos&quot;:&quot;right&quot;,&quot;dotsVPos&quot;:&quot;middle&quot;,&quot;fullSection&quot;:true,&quot;fullTouch&quot;:false,&quot;fullCheckOverflow&quot;:true,&quot;addToHistory&quot;:true,&quot;animation&quot;:&quot;&quot;,&quot;duration&quot;:null}\">\n\t\t\t\t\t\t<div class=\"premium-vscroll-inner\" id=\"premium-vscroll-5d3fca0\">\n\t\t\t\t<div class=\"premium-vscroll-dots premium-vscroll-dots-hide right middle lines\">\n\t\t\t\t\t<ul class=\"premium-vscroll-dots-list\">\n\t\t\t\t\t\t\t\t\t\t\t\t\t<li data-index=\"0\" data-menuanchor=\"Section4\" class=\"premium-vscroll-dot-item\">\n\t\t\t\t\t\t\t\t<div class=\"premium-vscroll-nav-link\"><span><\/span><\/div>\n\t\t\t\t\t\t\t<\/li>\n\t\t\t\t\t\t\t\t\t\t\t\t\t<li data-index=\"1\" data-menuanchor=\"Section5\" class=\"premium-vscroll-dot-item\">\n\t\t\t\t\t\t\t\t<div class=\"premium-vscroll-nav-link\"><span><\/span><\/div>\n\t\t\t\t\t\t\t<\/li>\n\t\t\t\t\t\t\t\t\t\t\t\t\t<li data-index=\"2\" data-menuanchor=\"Section6\" class=\"premium-vscroll-dot-item\">\n\t\t\t\t\t\t\t\t<div class=\"premium-vscroll-nav-link\"><span><\/span><\/div>\n\t\t\t\t\t\t\t<\/li>\n\t\t\t\t\t\t\t\t\t\t\t<\/ul>\n\t\t\t\t<\/div>\n\t\t\t\t\t\t\t<\/div>\n\t\t<\/div>\n\n\t\t\t\t\t\t<\/div>\n\t\t\t\t<\/div>\n\t\t\t\t\t<\/div>\n\t\t<\/div>\n\t\t\t\t\t<\/div>\n\t\t<\/section>\n\t\t\t\t<\/div>\n\t\t","protected":false},"excerpt":{"rendered":"<p>L&rsquo;URPS orthoptistes Grand Est Cr\u00e9\u00e9 le 27 janvier 2016 suite \u00e0 l\u2019unification r\u00e9gionale, l\u2019URPS Orthoptistes Grand-Est est une association loi 1901 dont le but est de contribuer \u00e0 l\u2019organisation et \u00e0 l\u2019\u00e9volution de l\u2019offre de sant\u00e9 au niveau r\u00e9gional, notamment \u00e0 la pr\u00e9paration du projet r\u00e9gional de sant\u00e9 et \u00e0 sa mise en \u0153uvre. Elle [&hellip;]<\/p>\n","protected":false},"author":1,"featured_media":0,"parent":0,"menu_order":0,"comment_status":"closed","ping_status":"closed","template":"","meta":{"_seopress_robots_primary_cat":"","_seopress_titles_title":"","_seopress_titles_desc":"","_seopress_robots_index":"","footnotes":""},"class_list":["post-2175","page","type-page","status-publish","hentry"],"_links":{"self":[{"href":"https:\/\/urps-orthoptistes-grandest.fr\/index.php\/wp-json\/wp\/v2\/pages\/2175","targetHints":{"allow":["GET"]}}],"collection":[{"href":"https:\/\/urps-orthoptistes-grandest.fr\/index.php\/wp-json\/wp\/v2\/pages"}],"about":[{"href":"https:\/\/urps-orthoptistes-grandest.fr\/index.php\/wp-json\/wp\/v2\/types\/page"}],"author":[{"embeddable":true,"href":"https:\/\/urps-orthoptistes-grandest.fr\/index.php\/wp-json\/wp\/v2\/users\/1"}],"replies":[{"embeddable":true,"href":"https:\/\/urps-orthoptistes-grandest.fr\/index.php\/wp-json\/wp\/v2\/comments?post=2175"}],"version-history":[{"count":106,"href":"https:\/\/urps-orthoptistes-grandest.fr\/index.php\/wp-json\/wp\/v2\/pages\/2175\/revisions"}],"predecessor-version":[{"id":2353,"href":"https:\/\/urps-orthoptistes-grandest.fr\/index.php\/wp-json\/wp\/v2\/pages\/2175\/revisions\/2353"}],"wp:attachment":[{"href":"https:\/\/urps-orthoptistes-grandest.fr\/index.php\/wp-json\/wp\/v2\/media?parent=2175"}],"curies":[{"name":"wp","href":"https:\/\/api.w.org\/{rel}","templated":true}]}}